{"id":25041,"date":"2022-06-27T14:11:31","date_gmt":"2022-06-27T12:11:31","guid":{"rendered":"http:\/\/172.20.100.6\/?page_id=25041"},"modified":"2025-11-11T14:23:10","modified_gmt":"2025-11-11T13:23:10","slug":"history","status":"publish","type":"page","link":"https:\/\/www.ahs-zirkusgasse.at\/index.php\/history\/","title":{"rendered":"History"},"content":{"rendered":"<p>[et_pb_section fb_built=&#8220;1&#8243; fullwidth=&#8220;on&#8220; _builder_version=&#8220;4.17.4&#8243; _module_preset=&#8220;default&#8220; background_image=&#8220;https:\/\/www.ahs-zirkusgasse.at\/wp-content\/uploads\/2022\/06\/kuksophiengymnasiumhistroisch.png&#8220; parallax=&#8220;on&#8220; da_disable_devices=&#8220;off|off|off&#8220; global_colors_info=&#8220;{}&#8220; da_is_popup=&#8220;off&#8220; da_exit_intent=&#8220;off&#8220; da_has_close=&#8220;on&#8220; da_alt_close=&#8220;off&#8220; da_dark_close=&#8220;off&#8220; da_not_modal=&#8220;on&#8220; da_is_singular=&#8220;off&#8220; da_with_loader=&#8220;off&#8220; da_has_shadow=&#8220;on&#8220;][et_pb_fullwidth_header title=&#8220;Die Geschichte der Zirkusgasse&#8220; button_one_text=&#8220;Historische Ansichten&#8220; button_one_url=&#8220;https:\/\/anno.onb.ac.at\/cgi-content\/anno-plus?apm=0&#038;aid=abz&#038;datum=19040004&#038;seite=00000034&#038;zoom=2&#8243; _builder_version=&#8220;4.17.4&#8243; _module_preset=&#8220;default&#8220; background_color=&#8220;rgba(12,113,195,0.7)&#8220; custom_button_one=&#8220;on&#8220; button_one_border_radius=&#8220;100px&#8220; button_one_font=&#8220;|600|||||||&#8220; button_one_icon=&#8220;&#x35;||divi||400&#8243; link_option_url_new_window=&#8220;on&#8220; global_colors_info=&#8220;{}&#8220;]<\/p>\n<p>Das Gymnasium Zirkusgasse ist das \u00e4lteste Gymnasium des 2. Bezirks.<\/p>\n<p>[\/et_pb_fullwidth_header][\/et_pb_section][et_pb_section fb_built=&#8220;1&#8243; _builder_version=&#8220;4.17.4&#8243; _module_preset=&#8220;default&#8220; min_height=&#8220;670px&#8220; custom_padding=&#8220;0px||0px||false|false&#8220; da_disable_devices=&#8220;off|off|off&#8220; locked=&#8220;off&#8220; global_colors_info=&#8220;{}&#8220; da_is_popup=&#8220;off&#8220; da_exit_intent=&#8220;off&#8220; da_has_close=&#8220;on&#8220; da_alt_close=&#8220;off&#8220; da_dark_close=&#8220;off&#8220; da_not_modal=&#8220;on&#8220; da_is_singular=&#8220;off&#8220; da_with_loader=&#8220;off&#8220; da_has_shadow=&#8220;on&#8220;][et_pb_row column_structure=&#8220;1_4,3_4&#8243; _builder_version=&#8220;4.17.4&#8243; _module_preset=&#8220;default&#8220; global_colors_info=&#8220;{}&#8220;][et_pb_column type=&#8220;1_4&#8243; _builder_version=&#8220;4.17.4&#8243; _module_preset=&#8220;default&#8220; global_colors_info=&#8220;{}&#8220;][dsm_text_notation before_text=&#8220;Vor &#8220; notation_text=&#8220;\u00fcber 100 Jahren&#8220; notation_color=&#8220;#0C71C3&#8243; notation_width=&#8220;2&#8243; heading_html_tag=&#8220;h3&#8243; _builder_version=&#8220;4.17.4&#8243; _module_preset=&#8220;default&#8220; global_colors_info=&#8220;{}&#8220;][\/dsm_text_notation][\/et_pb_column][et_pb_column type=&#8220;3_4&#8243; _builder_version=&#8220;4.17.4&#8243; _module_preset=&#8220;default&#8220; global_colors_info=&#8220;{}&#8220;][et_pb_text _builder_version=&#8220;4.17.4&#8243; _module_preset=&#8220;default&#8220; custom_margin=&#8220;0px||||false|false&#8220; custom_padding=&#8220;10px|12px|12px|12px|false|true&#8220; animation_style=&#8220;fade&#8220; border_radii=&#8220;on|10px|10px|10px|10px&#8220; box_shadow_style=&#8220;preset2&#8243; global_colors_info=&#8220;{}&#8220;]<\/p>\n<p><span>Vielleicht fragt jetzt mancher, was der Titel soll, schlie\u00dflich haben wir gerade erst die Hundertjahrfeier begangen!? Es darf daran erinnert werden &#8211; die 100 Jahre sind ein Jubil\u00e4um des Geb\u00e4udes, die Schule ist 22 Jahre \u00e4lter! Denn das &#8222;Staats-Untergymnasium im II. Bezirk&#8220; wurde im Schuljahr 1877\/78 errichtet und bereits zwei Jahre sp\u00e4ter zum Obergymnasium erweitert. In einem Antiquariat habe ich die Jahrg\u00e4nge 1881 &#8211; 1894 der Jahresberichte dieses Gymnasiums gefunden, das damals in der Taborstra\u00dfe 24 untergebracht war. Ich m\u00f6chte daraus in loser Folge die eine oder andere Begebenheit schildern und damit auch manchen Unterschied zum heutigen Schulleben aufzeigen&#8230;<\/span><\/p>\n<p>[\/et_pb_text][\/et_pb_column][\/et_pb_row][et_pb_row column_structure=&#8220;1_4,3_4&#8243; _builder_version=&#8220;4.17.4&#8243; _module_preset=&#8220;default&#8220; global_colors_info=&#8220;{}&#8220;][et_pb_column type=&#8220;1_4&#8243; _builder_version=&#8220;4.17.4&#8243; _module_preset=&#8220;default&#8220; global_colors_info=&#8220;{}&#8220;][dsm_text_notation before_text=&#8220;Woher &#8220; notation_text=&#8220;kamen &#8220; after_text=&#8220; die Sch\u00fcler&#8220; notation_color=&#8220;#0C71C3&#8243; notation_width=&#8220;2&#8243; heading_html_tag=&#8220;h3&#8243; _builder_version=&#8220;4.17.4&#8243; _module_preset=&#8220;default&#8220; global_colors_info=&#8220;{}&#8220;][\/dsm_text_notation][\/et_pb_column][et_pb_column type=&#8220;3_4&#8243; _builder_version=&#8220;4.17.4&#8243; _module_preset=&#8220;default&#8220; global_colors_info=&#8220;{}&#8220;][et_pb_text _builder_version=&#8220;4.17.4&#8243; _module_preset=&#8220;default&#8220; custom_margin=&#8220;0px||||false|false&#8220; custom_padding=&#8220;10px|12px|12px|12px|false|true&#8220; animation_style=&#8220;fade&#8220; border_radii=&#8220;on|10px|10px|10px|10px&#8220; box_shadow_style=&#8220;preset2&#8243; global_colors_info=&#8220;{}&#8220;]<\/p>\n<p><span>Im Juni 1882 fanden die ersten &#8222;Maturit\u00e4tspr\u00fcfungen\u201d an unserer Schule, damals noch im &#8222;alten Haus\u201d in der Taborstra\u00dfe 24, statt.<\/span><br \/><span>Leider gibt uns aber erst der Jahresbericht 1886\/87 erstmals genaue Auskunft \u00fcber &#8222;Geburtsort und Vaterland\u201d.<\/span><br \/><span>Da f\u00e4llt nun einiges auf:<\/span><br \/><span>Es haben von 31 Sch\u00fclern der VIII. Klasse 27 bestanden, 5 davon mit Auszeichnung.<\/span><br \/><span>Zwei externe Kandidaten wurden &#8222;reprobiert\u201d, ebenso wie drei Sch\u00fcler des Gymnasiums, zwei waren zur\u00fcckgetreten.<\/span><br \/><span>Woher kamen die erfolgreichen Kandidaten?<\/span><br \/><span>Nur ganz knapp mehr als die H\u00e4lfte, n\u00e4mlich 14, aus Wien (&#8222;Vaterland\u201d: Nieder\u00f6sterreich!).<\/span><br \/><span>Ein eigenes Kronland Wien gab es ja nicht.<\/span><br \/><span>Einer war allerdings aus Hietzing, das ja erst 1890 eingemeindet wurde.<\/span><\/p>\n<p>[\/et_pb_text][\/et_pb_column][\/et_pb_row][et_pb_row column_structure=&#8220;1_4,3_4&#8243; _builder_version=&#8220;4.17.4&#8243; _module_preset=&#8220;default&#8220; global_colors_info=&#8220;{}&#8220;][et_pb_column type=&#8220;1_4&#8243; _builder_version=&#8220;4.17.4&#8243; _module_preset=&#8220;default&#8220; global_colors_info=&#8220;{}&#8220;][dsm_text_notation before_text=&#8220;Zur &#8220; notation_text=&#8220;100-j\u00e4hrigen &#8220; after_text=&#8220;Geschichte&#8220; notation_color=&#8220;#0C71C3&#8243; notation_width=&#8220;2&#8243; heading_html_tag=&#8220;h3&#8243; _builder_version=&#8220;4.17.4&#8243; _module_preset=&#8220;default&#8220; global_colors_info=&#8220;{}&#8220;][\/dsm_text_notation][\/et_pb_column][et_pb_column type=&#8220;3_4&#8243; _builder_version=&#8220;4.17.4&#8243; _module_preset=&#8220;default&#8220; global_colors_info=&#8220;{}&#8220;][et_pb_text _builder_version=&#8220;4.17.4&#8243; _module_preset=&#8220;default&#8220; custom_margin=&#8220;0px||||false|false&#8220; custom_padding=&#8220;10px|12px|12px|12px|false|true&#8220; animation_style=&#8220;fade&#8220; border_radii=&#8220;on|10px|10px|10px|10px&#8220; box_shadow_style=&#8220;preset2&#8243; global_colors_info=&#8220;{}&#8220;]<\/p>\n<p><span>Das neue Schulgeb\u00e4ude<\/span><br \/><span>1877 wurde zun\u00e4chst in einem alten Geb\u00e4udekomplex in der Taborstra\u00dfe 24 das erste Staatsgymnasium des 2. Bezirks eingerichtet, das zu einem der bestbesuchten und angesehensten Gymnasien Wiens wurde. Das heutige Geb\u00e4ude in der Zirkusgasse 46-48 wurde nach Pl\u00e4nen des Architekten Gustav Sachs im Renaissancestil errichtet und 1899\/1900 bezogen; eine Gedenktafel erinnert an den Bau in der Regierungszeit Kaiser Franz Josefs. Die Schule verf\u00fcgte \u00fcber 12 Klassenzimmer (f\u00fcr 42-56 Sch\u00fcler), besonderer Wert wurde auf breite Korridore, Wasserklosetts und einen, nach damaligem Standard, sehr modernen Turnsaal gelegt. Weiters wurde sie mit zwei Zeichens\u00e4len und einem Physiksaal ausgestattet. Im Hochparterre befand sich die Wohnung des Direktors, die \u00fcber die Einfahrt in den Hof- und Gartentrakt zug\u00e4nglich war. Das Herzst\u00fcck der Schule war der Festsaal im Stil des Historismus, der als Kapelle f\u00fcr die Morgenandacht der katholischen Sch\u00fcler genutzt wurde&#8230;<\/span><\/p>\n<p>[\/et_pb_text][\/et_pb_column][\/et_pb_row][et_pb_row column_structure=&#8220;1_4,3_4&#8243; _builder_version=&#8220;4.17.4&#8243; _module_preset=&#8220;default&#8220; global_colors_info=&#8220;{}&#8220;][et_pb_column type=&#8220;1_4&#8243; _builder_version=&#8220;4.17.4&#8243; _module_preset=&#8220;default&#8220; global_colors_info=&#8220;{}&#8220;][dsm_text_notation before_text=&#8220;100 Jahre und&#8220; notation_text=&#8220; kein Ende&#8220; notation_color=&#8220;#0C71C3&#8243; notation_width=&#8220;2&#8243; heading_html_tag=&#8220;h3&#8243; _builder_version=&#8220;4.17.4&#8243; _module_preset=&#8220;default&#8220; global_colors_info=&#8220;{}&#8220;][\/dsm_text_notation][\/et_pb_column][et_pb_column type=&#8220;3_4&#8243; _builder_version=&#8220;4.17.4&#8243; _module_preset=&#8220;default&#8220; global_colors_info=&#8220;{}&#8220;][et_pb_text _builder_version=&#8220;4.17.4&#8243; _module_preset=&#8220;default&#8220; custom_margin=&#8220;0px||||false|false&#8220; custom_padding=&#8220;10px|12px|12px|12px|false|true&#8220; animation_style=&#8220;fade&#8220; border_radii=&#8220;on|10px|10px|10px|10px&#8220; box_shadow_style=&#8220;preset2&#8243; global_colors_info=&#8220;{}&#8220;]<\/p>\n<p><span>Vom 25 &#8211; 30. Juni 1999 fanden die Festveranstaltungen zum 100-j\u00e4hrigen Bestehen des Geb\u00e4udes unseres Gymnasiums in der Zirkusgasse 48 statt. Ungef\u00e4hr ein Jahr lang hatten die Planungsarbeiten des Festkomitees zu diesem gro\u00dfen Jubil\u00e4um gedauert. R\u00fcckblickend k\u00f6nnen wir sagen, dass jeder einzelne Programmpunkt nicht nur gelungen, sondern geradezu ein H\u00f6hepunkt war, der Schulgeschichte schrieb.\u00a0 <\/span><span>(Mag. Margarete Nezbeda)<\/span><\/p>\n<p>[\/et_pb_text][\/et_pb_column][\/et_pb_row][et_pb_row column_structure=&#8220;1_4,1_4,1_2&#8243; _builder_version=&#8220;4.17.4&#8243; _module_preset=&#8220;default&#8220; global_colors_info=&#8220;{}&#8220;][et_pb_column type=&#8220;1_4&#8243; _builder_version=&#8220;4.17.4&#8243; _module_preset=&#8220;default&#8220; global_colors_info=&#8220;{}&#8220;][dsm_text_notation before_text=&#8220;Briefe aus &#8220; notation_text=&#8220;Amerika&#8220; notation_color=&#8220;#0C71C3&#8243; notation_width=&#8220;2&#8243; heading_html_tag=&#8220;h3&#8243; _builder_version=&#8220;4.17.4&#8243; _module_preset=&#8220;default&#8220; global_colors_info=&#8220;{}&#8220;][\/dsm_text_notation][\/et_pb_column][et_pb_column type=&#8220;1_4&#8243; _builder_version=&#8220;4.17.4&#8243; _module_preset=&#8220;default&#8220; global_colors_info=&#8220;{}&#8220;][et_pb_image src=&#8220;https:\/\/www.ahs-zirkusgasse.at\/wp-content\/uploads\/2022\/06\/scherzer1.jpeg&#8220; alt=&#8220;scherzer1&#8243; title_text=&#8220;scherzer1&#8243; _builder_version=&#8220;4.17.4&#8243; _module_preset=&#8220;default&#8220; global_colors_info=&#8220;{}&#8220;][\/et_pb_image][\/et_pb_column][et_pb_column type=&#8220;1_2&#8243; _builder_version=&#8220;4.17.4&#8243; _module_preset=&#8220;default&#8220; global_colors_info=&#8220;{}&#8220;][et_pb_text _builder_version=&#8220;4.17.4&#8243; _module_preset=&#8220;default&#8220; custom_margin=&#8220;0px||||false|false&#8220; custom_padding=&#8220;10px|12px|12px|12px|false|true&#8220; animation_style=&#8220;fade&#8220; border_radii=&#8220;on|10px|10px|10px|10px&#8220; box_shadow_style=&#8220;preset2&#8243; global_colors_info=&#8220;{}&#8220;]<\/p>\n<p><span>Vom 25 &#8211; 30. Juni 1999 fanden die Festveranstaltungen zum 100-j\u00e4hrigen Bestehen des Geb\u00e4udes unseres Gymnasiums in der Zirkusgasse 48 statt. Ungef\u00e4hr ein Jahr lang hatten die Planungsarbeiten des Festkomitees zu diesem gro\u00dfen Jubil\u00e4um gedauert. R\u00fcckblickend k\u00f6nnen wir sagen, dass jeder einzelne Programmpunkt nicht nur gelungen, sondern geradezu ein H\u00f6hepunkt war, der Schulgeschichte schrieb.\u00a0 <\/span><span>(Mag. Margarete Nezbeda)<\/span><\/p>\n<p>[\/et_pb_text][\/et_pb_column][\/et_pb_row][et_pb_row column_structure=&#8220;1_4,3_4&#8243; _builder_version=&#8220;4.17.4&#8243; _module_preset=&#8220;default&#8220; global_colors_info=&#8220;{}&#8220;][et_pb_column type=&#8220;1_4&#8243; _builder_version=&#8220;4.17.4&#8243; _module_preset=&#8220;default&#8220; global_colors_info=&#8220;{}&#8220;][dsm_text_notation before_text=&#8220;Interview with &#8220; notation_text=&#8220;Mr. Oscar Scherzer&#8220; notation_color=&#8220;#0C71C3&#8243; notation_width=&#8220;2&#8243; heading_html_tag=&#8220;h3&#8243; _builder_version=&#8220;4.17.4&#8243; _module_preset=&#8220;default&#8220; global_colors_info=&#8220;{}&#8220;][\/dsm_text_notation][\/et_pb_column][et_pb_column type=&#8220;3_4&#8243; _builder_version=&#8220;4.17.4&#8243; _module_preset=&#8220;default&#8220; global_colors_info=&#8220;{}&#8220;][et_pb_text _builder_version=&#8220;4.17.4&#8243; _module_preset=&#8220;default&#8220; custom_margin=&#8220;0px||||false|false&#8220; custom_padding=&#8220;10px|12px|12px|12px|false|true&#8220; animation_style=&#8220;fade&#8220; border_radii=&#8220;on|10px|10px|10px|10px&#8220; box_shadow_style=&#8220;preset2&#8243; global_colors_info=&#8220;{}&#8220;]<\/p>\n<p class=\"text\">Monday April 11th, 2000<\/p>\n<p class=\"text\">Report by Marela Grabovickic, 7B<\/p>\n<p class=\"text\">In April, our class, the 7B had the unique chance to go to NYC for the first time in the history of our school . We had a fantastic, unforgettable time, and the highlight of our stay in the USA was definitely the trip to Croton on Hudson and our visit to Mr. Oscar Scherzer.<\/p>\n<p class=\"text\">Mr Scherzer, a former student of Gymnasium Zirkusgasse attended our school between 1933 and 1938, when he graduated. After his \u201dMatura\u201d he had to leave Austria fleeing from the Nazi terror regime due to the fact that he was Jewish, and Oscar emigrated to the USA.<br \/>Our host, who it was a pleasure to listen to, not only served us a delicious lunch but also spoke to us frankly about his past and willingly answered our questions<\/p>\n<p>[\/et_pb_text][\/et_pb_column][\/et_pb_row][et_pb_row column_structure=&#8220;1_4,1_4,1_2&#8243; _builder_version=&#8220;4.17.4&#8243; _module_preset=&#8220;default&#8220; global_colors_info=&#8220;{}&#8220;][et_pb_column type=&#8220;1_4&#8243; _builder_version=&#8220;4.17.4&#8243; _module_preset=&#8220;default&#8220; global_colors_info=&#8220;{}&#8220;][dsm_text_notation notation_text=&#8220;What happened to&#8230;&#8220; notation_color=&#8220;#0C71C3&#8243; notation_width=&#8220;2&#8243; heading_html_tag=&#8220;h3&#8243; _builder_version=&#8220;4.17.4&#8243; _module_preset=&#8220;default&#8220; global_colors_info=&#8220;{}&#8220;][\/dsm_text_notation][\/et_pb_column][et_pb_column type=&#8220;1_4&#8243; _builder_version=&#8220;4.17.4&#8243; _module_preset=&#8220;default&#8220; global_colors_info=&#8220;{}&#8220;][et_pb_image src=&#8220;https:\/\/www.ahs-zirkusgasse.at\/wp-content\/uploads\/2022\/06\/maturakl.jpeg&#8220; alt=&#8220;maturakl&#8220; title_text=&#8220;maturakl&#8220; _builder_version=&#8220;4.17.4&#8243; _module_preset=&#8220;default&#8220; global_colors_info=&#8220;{}&#8220;][\/et_pb_image][\/et_pb_column][et_pb_column type=&#8220;1_2&#8243; _builder_version=&#8220;4.17.4&#8243; _module_preset=&#8220;default&#8220; global_colors_info=&#8220;{}&#8220;][et_pb_text _builder_version=&#8220;4.17.4&#8243; _module_preset=&#8220;default&#8220; custom_margin=&#8220;0px||||false|false&#8220; custom_padding=&#8220;10px|12px|12px|12px|false|true&#8220; animation_style=&#8220;fade&#8220; border_radii=&#8220;on|10px|10px|10px|10px&#8220; box_shadow_style=&#8220;preset2&#8243; global_colors_info=&#8220;{}&#8220;]<\/p>\n<p><span class=\"textschwarz\">What happened to the other 1938 graduates? (Oscar Scherzer)<\/span><span class=\"text\"><br \/>I was not sure whether to put a question or exclamation mark at the end of the headline of this report. The fact is that over the years I learned something about the fate of some of the thirty-seven boys and girls who were in the eighth grade of the Zirkusgasse Gymnasium. At two locations in your school you can see a picture of eleven of the students I will be writing about. These had been with the school from the first grade with the exception of the one in the first row, first on the right. This is Oscar Scherzer, who joined the Gymnasium in 1933.You have seen and heard enough about me, so now a bit about others.<\/span><\/p>\n<p>[\/et_pb_text][\/et_pb_column][\/et_pb_row][et_pb_row column_structure=&#8220;1_4,3_4&#8243; _builder_version=&#8220;4.17.4&#8243; _module_preset=&#8220;default&#8220; global_colors_info=&#8220;{}&#8220;][et_pb_column type=&#8220;1_4&#8243; _builder_version=&#8220;4.17.4&#8243; _module_preset=&#8220;default&#8220; global_colors_info=&#8220;{}&#8220;][dsm_text_notation notation_text=&#8220;Emigriert, deportiert, ermordet, verschwunden?&#8220; notation_color=&#8220;#0C71C3&#8243; notation_width=&#8220;2&#8243; heading_html_tag=&#8220;h3&#8243; _builder_version=&#8220;4.17.4&#8243; _module_preset=&#8220;default&#8220; global_colors_info=&#8220;{}&#8220;][\/dsm_text_notation][\/et_pb_column][et_pb_column type=&#8220;3_4&#8243; _builder_version=&#8220;4.17.4&#8243; _module_preset=&#8220;default&#8220; global_colors_info=&#8220;{}&#8220;][et_pb_text _builder_version=&#8220;4.17.4&#8243; _module_preset=&#8220;default&#8220; custom_margin=&#8220;0px||||false|false&#8220; custom_padding=&#8220;10px|12px|12px|12px|false|true&#8220; animation_style=&#8220;fade&#8220; border_radii=&#8220;on|10px|10px|10px|10px&#8220; box_shadow_style=&#8220;preset2&#8243; global_colors_info=&#8220;{}&#8220;]<\/p>\n<p><span class=\"textschwarz\">Was geschah mit den j\u00fcdischen Sch\u00fclern der Zirkusgasse nach 1938?<\/span><br \/><span class=\"text\">Was geschah mit den anderen j\u00fcdischen Sch\u00fcler und Sch\u00fcler-innen, die bis zum Ende des Schuljahres 1937\/ 1938 das Gymnasium Zirkusgasse besuchten ? Hier sind die kargen Ergebnisse unserer Nachforschungen bei der Israelitischen Kultusgemeinede (1988) und beim Dokumentationszentrum f\u00fcr Widerstand (1998), (kurz D\u00d6W):<br \/>Von den 288 Sch\u00fclerInnen mit j\u00fcdischer Herkunft hat das D\u00d6W Informationen von 49 Sch\u00fcler-Innen.<br \/>22 von diesen 49 sind emigriert, 23 sind deportiert worden, 2 sind von der SS bei Razzien erschossen worden, einer hat als U-Boot in Frankreich gelebt und einer ist nach Polen gefl\u00fcchtet.<br \/>Deportiert wurden diese Sch\u00fcler-Innen nach Auschwitz, Buchenwald, Izbica, Minsk, Riga und Theresienstadt &#8211; nur von einem ist bekannt, dass er das Konzentrationslager \u00fcberlebt hat.<br \/>Von 28 weiteren Sch\u00fclerInnen wissen wir durch Katalogeintragungen, dass sie das Nazi-Regime \u00fcberlebt haben &#8211; \u00fcber das Schicksal von 211 Sch\u00fclerInnen konnten &#8211; nicht nur wir &#8211; nichts erfahren. 1988 hatten wir uns mit den Namenslisten an die Israelitische Kultus-gemeinde gewandt. Eine Mitarbeiterin fasste damals ihre Nachforschungen folgenderma\u00dfen zusammen: &#8222;Abweichend von den bisherigen Schulklassen (&#8230; ist mir ein Faktor aufgefallen, der mich sehr beunruhigt: eine \u00fcberdurchschnittlich hohe Zahl an Lebensl\u00e4ufen, die sich \u00fcberhaupt nicht verfolgen lassen. Das hei\u00dft also vermutlich: die Flucht wurde wohl versucht, es ist aber gar nicht sicher, dass diese Menschen jemals dort angekommen sind, wo sie hinwollten&#8230;Man kann also davon ausgehen, dass ein gro\u00dfer Teil dieser Menschen nicht mehr lebt.\u201d<\/span><\/p>\n<p class=\"textschwarz\">Ein wahrhaft grausiges Kapitel Wiener Schulgeschichte.<\/p>\n<p>[\/et_pb_text][\/et_pb_column][\/et_pb_row][\/et_pb_section][et_pb_section fb_built=&#8220;1&#8243; fullwidth=&#8220;on&#8220; admin_label=&#8220;Section&#8220; _builder_version=&#8220;4.26.0&#8243; _module_preset=&#8220;default&#8220; animation_style=&#8220;slide&#8220; animation_direction=&#8220;bottom&#8220; da_disable_devices=&#8220;off|off|off&#8220; box_shadow_style=&#8220;preset2&#8243; global_colors_info=&#8220;{}&#8220; locked=&#8220;off&#8220; da_is_popup=&#8220;off&#8220; da_exit_intent=&#8220;off&#8220; da_has_close=&#8220;on&#8220; da_alt_close=&#8220;off&#8220; da_dark_close=&#8220;off&#8220; da_not_modal=&#8220;on&#8220; da_is_singular=&#8220;off&#8220; da_with_loader=&#8220;off&#8220; da_has_shadow=&#8220;on&#8220;][et_pb_fullwidth_header title=&#8220;Wir sind wieder zur\u00fcck!&#8220; button_one_text=&#8220;R\u00fcckblick auf die Baustelle&#8220; button_one_url=&#8220;@ET-DC@eyJkeW5hbWljIjp0cnVlLCJjb250ZW50IjoicG9zdF9saW5rX3VybF9wYWdlIiwic2V0dGluZ3MiOnsicG9zdF9pZCI6IjI3NzQ2In19@&#8220; _builder_version=&#8220;4.27.4&#8243; _dynamic_attributes=&#8220;button_one_url&#8220; _module_preset=&#8220;default&#8220; background_enable_color=&#8220;off&#8220; use_background_color_gradient=&#8220;on&#8220; background_color_gradient_type=&#8220;circular&#8220; background_color_gradient_direction_radial=&#8220;top left&#8220; background_color_gradient_stops=&#8220;#0c71c3 0%|rgba(12,113,195,0.5) 100%&#8220; background_color_gradient_end=&#8220;#00c3ff&#8220; custom_button_one=&#8220;on&#8220; button_one_border_width=&#8220;2px&#8220; button_one_border_radius=&#8220;100px&#8220; custom_margin=&#8220;-3px|||||&#8220; custom_padding=&#8220;23px||16px|||&#8220; hover_enabled=&#8220;0&#8243; global_colors_info=&#8220;{}&#8220; sticky_enabled=&#8220;0&#8243;]<\/p>\n<h5>Durch die Neugestaltung unseres Geb\u00e4udes befindet sich der Haupteingang zum GRG Zirkusgasse nun in der Weintraubengasse 29.<\/h5>\n<p>[\/et_pb_fullwidth_header][\/et_pb_section]<\/p>\n","protected":false},"excerpt":{"rendered":"<p>Das Gymnasium Zirkusgasse ist das \u00e4lteste Gymnasium des 2. Bezirks.<div class=\"et_pb_module dsm_text_notation dsm_text_notation_0  et_pb_bg_layout_light\">\n\t\t\t\t\n\t\t\t\t\n\t\t\t\t\n\t\t\t\t\n\t\t\t\t\n\t\t\t\t\n\t\t\t\t<div class=\"et_pb_module_inner\">\n\t\t\t\t\t<h3 class=\"dsm-text-notation-main et_pb_module_header\"><span class=\"dsm-text-notation-before\">Vor <\/span><span data-notation=\"[{&quot;type&quot;:&quot;underline&quot;,&quot;color&quot;:&quot;#0C71C3&quot;,&quot;stroke-width&quot;:&quot;2&quot;,&quot;iterations&quot;:&quot;2&quot;,&quot;brackets&quot;:&quot;left|right&quot;,&quot;viewport&quot;:&quot;80%&quot;,&quot;delay&quot;:&quot;0ms&quot;,&quot;divi-animate&quot;:&quot;none&quot;,&quot;divi-animate-duration&quot;:&quot;1000ms&quot;,&quot;divi-animate-delay&quot;:&quot;0ms&quot;}]\" class=\"dsm-text-notation-middle\">\u00fcber 100 Jahren<\/span><\/h3>\n\t\t\t\t<\/div>\n\t\t\t<\/div>Vielleicht fragt jetzt mancher, was der Titel soll, schlie\u00dflich haben [&hellip;]<\/p>\n","protected":false},"author":1,"featured_media":0,"parent":0,"menu_order":0,"comment_status":"closed","ping_status":"closed","template":"","meta":{"_et_pb_use_builder":"on","_et_pb_old_content":"","_et_gb_content_width":"","_price":"","_stock":"","_tribe_ticket_header":"","_tribe_default_ticket_provider":"","_ticket_start_date":"","_ticket_end_date":"","_tribe_ticket_show_description":"","_tribe_ticket_show_not_going":false,"_tribe_ticket_use_global_stock":"","_tribe_ticket_global_stock_level":"","_global_stock_mode":"","_global_stock_cap":"","_tribe_rsvp_for_event":"","_tribe_ticket_going_count":"","_tribe_ticket_not_going_count":"","_tribe_tickets_list":"[]","_tribe_ticket_has_attendee_info_fields":false,"footnotes":"","_tec_slr_enabled":"","_tec_slr_layout":""},"class_list":["post-25041","page","type-page","status-publish","hentry"],"ticketed":false,"_links":{"self":[{"href":"https:\/\/www.ahs-zirkusgasse.at\/index.php\/wp-json\/wp\/v2\/pages\/25041","targetHints":{"allow":["GET"]}}],"collection":[{"href":"https:\/\/www.ahs-zirkusgasse.at\/index.php\/wp-json\/wp\/v2\/pages"}],"about":[{"href":"https:\/\/www.ahs-zirkusgasse.at\/index.php\/wp-json\/wp\/v2\/types\/page"}],"author":[{"embeddable":true,"href":"https:\/\/www.ahs-zirkusgasse.at\/index.php\/wp-json\/wp\/v2\/users\/1"}],"replies":[{"embeddable":true,"href":"https:\/\/www.ahs-zirkusgasse.at\/index.php\/wp-json\/wp\/v2\/comments?post=25041"}],"version-history":[{"count":5,"href":"https:\/\/www.ahs-zirkusgasse.at\/index.php\/wp-json\/wp\/v2\/pages\/25041\/revisions"}],"predecessor-version":[{"id":30068,"href":"https:\/\/www.ahs-zirkusgasse.at\/index.php\/wp-json\/wp\/v2\/pages\/25041\/revisions\/30068"}],"wp:attachment":[{"href":"https:\/\/www.ahs-zirkusgasse.at\/index.php\/wp-json\/wp\/v2\/media?parent=25041"}],"curies":[{"name":"wp","href":"https:\/\/api.w.org\/{rel}","templated":true}]}}