{"id":25346,"date":"2022-06-30T17:47:47","date_gmt":"2022-06-30T15:47:47","guid":{"rendered":"http:\/\/172.20.100.6\/?page_id=25346"},"modified":"2025-02-24T12:15:43","modified_gmt":"2025-02-24T11:15:43","slug":"bewegung-und-sport","status":"publish","type":"page","link":"https:\/\/www.ahs-zirkusgasse.at\/index.php\/bewegung-und-sport\/","title":{"rendered":"Bewegung und Sport"},"content":{"rendered":"<p>[et_pb_section fb_built=&#8220;1&#8243; fullwidth=&#8220;on&#8220; _builder_version=&#8220;4.17.4&#8243; _module_preset=&#8220;default&#8220; da_disable_devices=&#8220;off|off|off&#8220; global_colors_info=&#8220;{}&#8220; da_is_popup=&#8220;off&#8220; da_exit_intent=&#8220;off&#8220; da_has_close=&#8220;on&#8220; da_alt_close=&#8220;off&#8220; da_dark_close=&#8220;off&#8220; da_not_modal=&#8220;on&#8220; da_is_singular=&#8220;off&#8220; da_with_loader=&#8220;off&#8220; da_has_shadow=&#8220;on&#8220;][et_pb_fullwidth_header title=&#8220;Bewegung und Sport&#8220; _builder_version=&#8220;4.17.4&#8243; _module_preset=&#8220;default&#8220; background_color=&#8220;rgba(12,113,195,0.7)&#8220; global_colors_info=&#8220;{}&#8220;][\/et_pb_fullwidth_header][\/et_pb_section][et_pb_section fb_built=&#8220;1&#8243; _builder_version=&#8220;4.17.4&#8243; _module_preset=&#8220;default&#8220; da_disable_devices=&#8220;off|off|off&#8220; global_colors_info=&#8220;{}&#8220; da_is_popup=&#8220;off&#8220; da_exit_intent=&#8220;off&#8220; da_has_close=&#8220;on&#8220; da_alt_close=&#8220;off&#8220; da_dark_close=&#8220;off&#8220; da_not_modal=&#8220;on&#8220; da_is_singular=&#8220;off&#8220; da_with_loader=&#8220;off&#8220; da_has_shadow=&#8220;on&#8220;][et_pb_row column_structure=&#8220;2_5,3_5&#8243; _builder_version=&#8220;4.17.4&#8243; _module_preset=&#8220;default&#8220; global_colors_info=&#8220;{}&#8220;][et_pb_column type=&#8220;2_5&#8243; _builder_version=&#8220;4.17.4&#8243; _module_preset=&#8220;default&#8220; global_colors_info=&#8220;{}&#8220;][et_pb_icon font_icon=&#8220;&#xf70c;||fa||900&#8243; icon_color=&#8220;#0C71C3&#8243; _builder_version=&#8220;4.17.4&#8243; _module_preset=&#8220;default&#8220; global_colors_info=&#8220;{}&#8220;][\/et_pb_icon][et_pb_image src=&#8220;https:\/\/www.ahs-zirkusgasse.at\/wp-content\/uploads\/2025\/02\/BSneu.jpg&#8220; alt=&#8220;BS2025&#8243; title_text=&#8220;BS&#8220; _builder_version=&#8220;4.27.4&#8243; _module_preset=&#8220;default&#8220; hover_enabled=&#8220;0&#8243; locked=&#8220;off&#8220; global_colors_info=&#8220;{}&#8220; sticky_enabled=&#8220;0&#8243;][\/et_pb_image][\/et_pb_column][et_pb_column type=&#8220;3_5&#8243; _builder_version=&#8220;4.17.4&#8243; _module_preset=&#8220;default&#8220; global_colors_info=&#8220;{}&#8220;][et_pb_text _builder_version=&#8220;4.27.4&#8243; _module_preset=&#8220;default&#8220; hover_enabled=&#8220;0&#8243; locked=&#8220;off&#8220; global_colors_info=&#8220;{}&#8220; sticky_enabled=&#8220;0&#8243;]<\/p>\n<p>\u201eBewegung und Sport\u201c zeichnet sich an unserer Schule durch ein vielseitiges Angebot aus.<br \/>Neben den bekannten gro\u00dfen Ballspielen (Fu\u00dfball, Handball, Volleyball, Basketball) bem\u00fchen wir uns, den Sch\u00fclerinnen und Sch\u00fclern Trendsportarten wie z.B. Frisbee, Akro4Kids oder Dodgeball n\u00e4her zu bringen.<br \/>Im Unterricht werden auch Life-Time \u2013 Sportarten wie Yoga, Eislaufen oder Cross Fit ausprobiert.<br \/>Neben den konditionellen, koordinativen und taktischen F\u00e4higkeiten liegt ein besonderes Augenmerk auf dem sozialen Bereich (Respekt, Fairness).<\/p>\n<p>Eine Besonderheit an unserer Schule stellt das Kurssystem \u201eSportleiste\u201c in der 7. und 8. Klasse dar.<br \/>Beide Schulstufen werden in diesem Fall zusammengelegt und die Sch\u00fcler\/Sch\u00fclerinnen besuchen selbstgew\u00e4hlte Sportkurse. Mittels dieses Kurssystem erhoffen wir uns, dass die Sch\u00fcler\/Sch\u00fclerinnen durch das umfassende und auch alternative Programm angeregt werden, nach der Schulzeit Sport zu betreiben.<\/p>\n<p>Als unverbindliche \u00dcbung wird seit dem Schuljahr 2024\/25 Boden- und Ger\u00e4teturnen angeboten.<\/p>\n<p>In der 2. Klasse dienen 2 Skitage als Vorbereitung auf die Wintersportwoche der 3. Klassen.<br \/>In der Oberstufe fahren die 5. Klassen auf Sommersportwoche, wo ein breites Spektrum an Sportangeboten zur Wahl steht (Segeln, Surfen, Tauchen, Mountainbike, Tennis, Golf, Beachvolleyball, \u2026).<\/p>\n<p>Die Sch\u00fcler\/Sch\u00fclerinnen unserer Schule nehmen sehr erfolgreich an Sportwettk\u00e4mpfen teil z.B. Laufbewerbe (Frauenlauf), Boden- und Ger\u00e4teturnen.<\/p>\n<p>Durch dieses vielseitige Angebot bekommen die Kinder eine gute Basisausbildung und erhalten sich (hoffentlich) ihren Bewegungshunger und die Freude neue Sportarten f\u00fcr sich zu entdecken.\u00a0<\/p>\n<p>[\/et_pb_text][\/et_pb_column][\/et_pb_row][\/et_pb_section]<\/p>\n","protected":false},"excerpt":{"rendered":"<p>\u201eBewegung und Sport\u201c zeichnet sich an unserer Schule durch ein vielseitiges Angebot aus.Neben den bekannten gro\u00dfen Ballspielen (Fu\u00dfball, Handball, Volleyball, Basketball) bem\u00fchen wir uns, den Sch\u00fclerinnen und Sch\u00fclern Trendsportarten wie [&hellip;]<\/p>\n","protected":false},"author":1,"featured_media":0,"parent":0,"menu_order":0,"comment_status":"closed","ping_status":"closed","template":"","meta":{"_et_pb_use_builder":"on","_et_pb_old_content":"","_et_gb_content_width":"","_price":"","_stock":"","_tribe_ticket_header":"","_tribe_default_ticket_provider":"","_ticket_start_date":"","_ticket_end_date":"","_tribe_ticket_show_description":"","_tribe_ticket_show_not_going":false,"_tribe_ticket_use_global_stock":"","_tribe_ticket_global_stock_level":"","_global_stock_mode":"","_global_stock_cap":"","_tribe_rsvp_for_event":"","_tribe_ticket_going_count":"","_tribe_ticket_not_going_count":"","_tribe_tickets_list":"[]","_tribe_ticket_has_attendee_info_fields":false,"footnotes":"","_tec_slr_enabled":"","_tec_slr_layout":""},"class_list":["post-25346","page","type-page","status-publish","hentry"],"ticketed":false,"_links":{"self":[{"href":"https:\/\/www.ahs-zirkusgasse.at\/index.php\/wp-json\/wp\/v2\/pages\/25346","targetHints":{"allow":["GET"]}}],"collection":[{"href":"https:\/\/www.ahs-zirkusgasse.at\/index.php\/wp-json\/wp\/v2\/pages"}],"about":[{"href":"https:\/\/www.ahs-zirkusgasse.at\/index.php\/wp-json\/wp\/v2\/types\/page"}],"author":[{"embeddable":true,"href":"https:\/\/www.ahs-zirkusgasse.at\/index.php\/wp-json\/wp\/v2\/users\/1"}],"replies":[{"embeddable":true,"href":"https:\/\/www.ahs-zirkusgasse.at\/index.php\/wp-json\/wp\/v2\/comments?post=25346"}],"version-history":[{"count":8,"href":"https:\/\/www.ahs-zirkusgasse.at\/index.php\/wp-json\/wp\/v2\/pages\/25346\/revisions"}],"predecessor-version":[{"id":29033,"href":"https:\/\/www.ahs-zirkusgasse.at\/index.php\/wp-json\/wp\/v2\/pages\/25346\/revisions\/29033"}],"wp:attachment":[{"href":"https:\/\/www.ahs-zirkusgasse.at\/index.php\/wp-json\/wp\/v2\/media?parent=25346"}],"curies":[{"name":"wp","href":"https:\/\/api.w.org\/{rel}","templated":true}]}}