{"id":25355,"date":"2022-06-30T18:02:59","date_gmt":"2022-06-30T16:02:59","guid":{"rendered":"http:\/\/172.20.100.6\/?page_id=25355"},"modified":"2024-09-09T15:54:33","modified_gmt":"2024-09-09T13:54:33","slug":"kunst-und-gestaltung","status":"publish","type":"page","link":"https:\/\/www.ahs-zirkusgasse.at\/index.php\/kunst-und-gestaltung\/","title":{"rendered":"Kunst und Gestaltung"},"content":{"rendered":"<p>[et_pb_section fb_built=&#8220;1&#8243; fullwidth=&#8220;on&#8220; _builder_version=&#8220;4.17.4&#8243; _module_preset=&#8220;default&#8220; da_disable_devices=&#8220;off|off|off&#8220; locked=&#8220;off&#8220; global_colors_info=&#8220;{}&#8220; da_is_popup=&#8220;off&#8220; da_exit_intent=&#8220;off&#8220; da_has_close=&#8220;on&#8220; da_alt_close=&#8220;off&#8220; da_dark_close=&#8220;off&#8220; da_not_modal=&#8220;on&#8220; da_is_singular=&#8220;off&#8220; da_with_loader=&#8220;off&#8220; da_has_shadow=&#8220;on&#8220;][et_pb_fullwidth_header title=&#8220;Kunst und Gestaltung&#8220; _builder_version=&#8220;4.17.4&#8243; _module_preset=&#8220;default&#8220; background_color=&#8220;rgba(12,113,195,0.7)&#8220; global_colors_info=&#8220;{}&#8220;][\/et_pb_fullwidth_header][\/et_pb_section][et_pb_section fb_built=&#8220;1&#8243; _builder_version=&#8220;4.17.4&#8243; _module_preset=&#8220;default&#8220; da_disable_devices=&#8220;off|off|off&#8220; locked=&#8220;off&#8220; global_colors_info=&#8220;{}&#8220; da_is_popup=&#8220;off&#8220; da_exit_intent=&#8220;off&#8220; da_has_close=&#8220;on&#8220; da_alt_close=&#8220;off&#8220; da_dark_close=&#8220;off&#8220; da_not_modal=&#8220;on&#8220; da_is_singular=&#8220;off&#8220; da_with_loader=&#8220;off&#8220; da_has_shadow=&#8220;on&#8220;][et_pb_row column_structure=&#8220;2_5,3_5&#8243; _builder_version=&#8220;4.17.4&#8243; _module_preset=&#8220;default&#8220; global_colors_info=&#8220;{}&#8220;][et_pb_column type=&#8220;2_5&#8243; _builder_version=&#8220;4.17.4&#8243; _module_preset=&#8220;default&#8220; global_colors_info=&#8220;{}&#8220;][et_pb_icon font_icon=&#8220;&#xf1fc;||fa||900&#8243; icon_color=&#8220;#0C71C3&#8243; _builder_version=&#8220;4.17.4&#8243; _module_preset=&#8220;default&#8220; global_colors_info=&#8220;{}&#8220;][\/et_pb_icon][et_pb_image src=&#8220;https:\/\/www.ahs-zirkusgasse.at\/wp-content\/uploads\/2022\/06\/BE.jpeg&#8220; alt=&#8220;be&#8220; title_text=&#8220;be&#8220; _builder_version=&#8220;4.17.4&#8243; _module_preset=&#8220;default&#8220; global_colors_info=&#8220;{}&#8220;][\/et_pb_image][\/et_pb_column][et_pb_column type=&#8220;3_5&#8243; _builder_version=&#8220;4.17.4&#8243; _module_preset=&#8220;default&#8220; global_colors_info=&#8220;{}&#8220;][et_pb_text _builder_version=&#8220;4.26.0&#8243; _module_preset=&#8220;default&#8220; hover_enabled=&#8220;0&#8243; global_colors_info=&#8220;{}&#8220; sticky_enabled=&#8220;0&#8243;]<\/p>\n<p class=\"text\">Im Fach Kunst und Gestaltung besch\u00e4ftigen wir uns mit den verschiedensten Bildern, die in unserer Welt eine immer gr\u00f6\u00dfere Rolle spielen: \u00dcber die traditionellen Inhalte des Faches wie Zeichnungen, Malereien und Plastiken hinaus sind das Fotografien, Film und Computerbilder. Nicht nur der Bereich der Kunst sondern auch Werbebilder und Bilder in der Massenkommunikation und in den sozialen Medien werden thematisiert.<\/p>\n<p class=\"text\">Dabei geht es darum diese Bilder zu verstehen, auch ihre heimlichen Botschaften zu erkennen, selbst verschiedenste Bilder zu produzieren und dabei Gesetzm\u00e4\u00dfigkeiten der Bildproduktion kennen zu lernen und schlie\u00dflich diese Bilder auch zur Kommunikation zu verwenden.<\/p>\n<p class=\"text\">Daher gibt es in unserer Schule ein sehr abwechslungsreiches Unterrichtsprogramm, das vom Zeichnen und Malen \u00fcber Plastisches Gestalten , Plakatgestaltung bis zur Produktion von Animationsfilmen und der Auseinandersetzung mit Kunst- und Mediengeschichte und Architektur reicht.<\/p>\n<p class=\"text\">Dabei spielt die eigene praktische Bildproduktion eine gro\u00dfe Rolle. Projekte werden von der Idee bis zur Pr\u00e4sentation in Ausstellungen oft auch in Teamarbeit realisiert. Es geht uns darum die Kreativit\u00e4t der Sch\u00fclerInnen zu f\u00f6rdern und ihre Selbst\u00e4ndigkeit und Teamf\u00e4higkeit zu st\u00e4rken. Wir hoffen, dass es uns gelingt die Freude am sch\u00f6pferischen Tun zu erhalten und dass jede\/jeder einmal etwas findet, wo sie\/er ihre\/seine St\u00e4rken ausspielen und die Talente einbringen kann!<\/p>\n<p>[\/et_pb_text][\/et_pb_column][\/et_pb_row][\/et_pb_section]<\/p>\n","protected":false},"excerpt":{"rendered":"<p>Im Fach Kunst und Gestaltung besch\u00e4ftigen wir uns mit den verschiedensten Bildern, die in unserer Welt eine immer gr\u00f6\u00dfere Rolle spielen: \u00dcber die traditionellen Inhalte des Faches wie Zeichnungen, Malereien [&hellip;]<\/p>\n","protected":false},"author":1,"featured_media":0,"parent":0,"menu_order":0,"comment_status":"closed","ping_status":"closed","template":"","meta":{"_et_pb_use_builder":"on","_et_pb_old_content":"<!-- wp:divi\/placeholder \/-->","_et_gb_content_width":"","_price":"","_stock":"","_tribe_ticket_header":"","_tribe_default_ticket_provider":"","_ticket_start_date":"","_ticket_end_date":"","_tribe_ticket_show_description":"","_tribe_ticket_show_not_going":false,"_tribe_ticket_use_global_stock":"","_tribe_ticket_global_stock_level":"","_global_stock_mode":"","_global_stock_cap":"","_tribe_rsvp_for_event":"","_tribe_ticket_going_count":"","_tribe_ticket_not_going_count":"","_tribe_tickets_list":"[]","_tribe_ticket_has_attendee_info_fields":false,"footnotes":"","_tec_slr_enabled":"","_tec_slr_layout":""},"class_list":["post-25355","page","type-page","status-publish","hentry"],"ticketed":false,"_links":{"self":[{"href":"https:\/\/www.ahs-zirkusgasse.at\/index.php\/wp-json\/wp\/v2\/pages\/25355","targetHints":{"allow":["GET"]}}],"collection":[{"href":"https:\/\/www.ahs-zirkusgasse.at\/index.php\/wp-json\/wp\/v2\/pages"}],"about":[{"href":"https:\/\/www.ahs-zirkusgasse.at\/index.php\/wp-json\/wp\/v2\/types\/page"}],"author":[{"embeddable":true,"href":"https:\/\/www.ahs-zirkusgasse.at\/index.php\/wp-json\/wp\/v2\/users\/1"}],"replies":[{"embeddable":true,"href":"https:\/\/www.ahs-zirkusgasse.at\/index.php\/wp-json\/wp\/v2\/comments?post=25355"}],"version-history":[{"count":8,"href":"https:\/\/www.ahs-zirkusgasse.at\/index.php\/wp-json\/wp\/v2\/pages\/25355\/revisions"}],"predecessor-version":[{"id":28592,"href":"https:\/\/www.ahs-zirkusgasse.at\/index.php\/wp-json\/wp\/v2\/pages\/25355\/revisions\/28592"}],"wp:attachment":[{"href":"https:\/\/www.ahs-zirkusgasse.at\/index.php\/wp-json\/wp\/v2\/media?parent=25355"}],"curies":[{"name":"wp","href":"https:\/\/api.w.org\/{rel}","templated":true}]}}