{"id":25357,"date":"2022-06-30T18:03:12","date_gmt":"2022-06-30T16:03:12","guid":{"rendered":"http:\/\/172.20.100.6\/?page_id=25357"},"modified":"2025-05-07T10:26:49","modified_gmt":"2025-05-07T08:26:49","slug":"biologie-und-umweltkunde","status":"publish","type":"page","link":"https:\/\/www.ahs-zirkusgasse.at\/index.php\/biologie-und-umweltkunde\/","title":{"rendered":"Biologie und Umweltkunde"},"content":{"rendered":"<p>[et_pb_section fb_built=&#8220;1&#8243; fullwidth=&#8220;on&#8220; _builder_version=&#8220;4.17.4&#8243; _module_preset=&#8220;default&#8220; da_disable_devices=&#8220;off|off|off&#8220; locked=&#8220;off&#8220; global_colors_info=&#8220;{}&#8220; da_is_popup=&#8220;off&#8220; da_exit_intent=&#8220;off&#8220; da_has_close=&#8220;on&#8220; da_alt_close=&#8220;off&#8220; da_dark_close=&#8220;off&#8220; da_not_modal=&#8220;on&#8220; da_is_singular=&#8220;off&#8220; da_with_loader=&#8220;off&#8220; da_has_shadow=&#8220;on&#8220;][et_pb_fullwidth_header title=&#8220;Biologie und Umweltbildung&#8220; _builder_version=&#8220;4.17.4&#8243; _module_preset=&#8220;default&#8220; background_color=&#8220;rgba(12,113,195,0.7)&#8220; global_colors_info=&#8220;{}&#8220;][\/et_pb_fullwidth_header][\/et_pb_section][et_pb_section fb_built=&#8220;1&#8243; _builder_version=&#8220;4.17.4&#8243; _module_preset=&#8220;default&#8220; da_disable_devices=&#8220;off|off|off&#8220; locked=&#8220;off&#8220; global_colors_info=&#8220;{}&#8220; da_is_popup=&#8220;off&#8220; da_exit_intent=&#8220;off&#8220; da_has_close=&#8220;on&#8220; da_alt_close=&#8220;off&#8220; da_dark_close=&#8220;off&#8220; da_not_modal=&#8220;on&#8220; da_is_singular=&#8220;off&#8220; da_with_loader=&#8220;off&#8220; da_has_shadow=&#8220;on&#8220;][et_pb_row column_structure=&#8220;2_5,3_5&#8243; _builder_version=&#8220;4.17.4&#8243; _module_preset=&#8220;default&#8220; global_colors_info=&#8220;{}&#8220;][et_pb_column type=&#8220;2_5&#8243; _builder_version=&#8220;4.17.4&#8243; _module_preset=&#8220;default&#8220; global_colors_info=&#8220;{}&#8220;][et_pb_icon font_icon=&#8220;&#xf06c;||fa||900&#8243; icon_color=&#8220;#0C71C3&#8243; _builder_version=&#8220;4.17.4&#8243; _module_preset=&#8220;default&#8220; global_colors_info=&#8220;{}&#8220;][\/et_pb_icon][\/et_pb_column][et_pb_column type=&#8220;3_5&#8243; _builder_version=&#8220;4.17.4&#8243; _module_preset=&#8220;default&#8220; global_colors_info=&#8220;{}&#8220;][et_pb_text _builder_version=&#8220;4.19.0&#8243; _module_preset=&#8220;default&#8220; global_colors_info=&#8220;{}&#8220;]<\/p>\n<div class=\"\">\u201c<b class=\"\">Nichts in der Geschichte des Lebens ist best\u00e4ndiger als der Wandel<\/b>\u201d\u00a0<\/div>\n<div class=\"\">(Charles E. Darwin, 1809-1882)<\/div>\n<div class=\"\"><\/div>\n<div class=\"\">Biologie und Umweltbildung ist ein zeitloser, immens wichtiger und bei den Sch\u00fcler:innen \u00e4u\u00dferst beliebter Gegenstand an unserer Schule. Dies merkt man vor allem an der Anzahl der Maturant:innen und den Themen der vorwissenschaftlichen Arbeiten. Unser Ziel ist es, die Sch\u00fcler:innen f\u00fcr die Vorg\u00e4nge in der Natur zu begeistern und ein Wissenschaftsverst\u00e4ndnis zu f\u00f6rdern. <br class=\"\" \/>Die Schwerpunktsetzung besteht darin, dass sich die Sch\u00fcler:innen mit aktuellen Fragestellungen besch\u00e4ftigen und sie zu verantwortungsbewussten Jugendlichen zu erziehen. Dies wird mit Hilfe von Projekten, Exkursionen und Lehrausg\u00e4ngen, wie z.B. in den Botanischen Garten oder ins Vienna Open Lab, unterst\u00fctzt. Die Sch\u00fcler:innen sollen ein biologisches Grundwissen erwerben, auf welchem in der Oberstufe aufgebaut werden kann. Weitere wichtige Aspekte sind die Experimentierkunde in den Naturwissenschaften und das Bewusstsein f\u00fcr die Notwendigkeit einer nachhaltigen Lebensweise zu f\u00f6rdern.<br class=\"\" \/>Gerne wird an unserer Schule auch f\u00e4cher\u00fcbergreifend gearbeitet um den Sch\u00fclerinnen und Sch\u00fclern zu erm\u00f6glichen vernetzt zu denken und zu arbeiten.<\/div>\n<p>&nbsp;<\/p>\n<p>[\/et_pb_text][\/et_pb_column][\/et_pb_row][\/et_pb_section]<\/p>\n","protected":false},"excerpt":{"rendered":"<p>\u201cNichts in der Geschichte des Lebens ist best\u00e4ndiger als der Wandel\u201d\u00a0 (Charles E. Darwin, 1809-1882) Biologie und Umweltbildung ist ein zeitloser, immens wichtiger und bei den Sch\u00fcler:innen \u00e4u\u00dferst beliebter Gegenstand [&hellip;]<\/p>\n","protected":false},"author":1,"featured_media":0,"parent":0,"menu_order":0,"comment_status":"closed","ping_status":"closed","template":"","meta":{"_et_pb_use_builder":"on","_et_pb_old_content":"","_et_gb_content_width":"","_price":"","_stock":"","_tribe_ticket_header":"","_tribe_default_ticket_provider":"","_ticket_start_date":"","_ticket_end_date":"","_tribe_ticket_show_description":"","_tribe_ticket_show_not_going":false,"_tribe_ticket_use_global_stock":"","_tribe_ticket_global_stock_level":"","_global_stock_mode":"","_global_stock_cap":"","_tribe_rsvp_for_event":"","_tribe_ticket_going_count":"","_tribe_ticket_not_going_count":"","_tribe_tickets_list":"[]","_tribe_ticket_has_attendee_info_fields":false,"footnotes":"","_tec_slr_enabled":"","_tec_slr_layout":""},"class_list":["post-25357","page","type-page","status-publish","hentry"],"ticketed":false,"_links":{"self":[{"href":"https:\/\/www.ahs-zirkusgasse.at\/index.php\/wp-json\/wp\/v2\/pages\/25357","targetHints":{"allow":["GET"]}}],"collection":[{"href":"https:\/\/www.ahs-zirkusgasse.at\/index.php\/wp-json\/wp\/v2\/pages"}],"about":[{"href":"https:\/\/www.ahs-zirkusgasse.at\/index.php\/wp-json\/wp\/v2\/types\/page"}],"author":[{"embeddable":true,"href":"https:\/\/www.ahs-zirkusgasse.at\/index.php\/wp-json\/wp\/v2\/users\/1"}],"replies":[{"embeddable":true,"href":"https:\/\/www.ahs-zirkusgasse.at\/index.php\/wp-json\/wp\/v2\/comments?post=25357"}],"version-history":[{"count":4,"href":"https:\/\/www.ahs-zirkusgasse.at\/index.php\/wp-json\/wp\/v2\/pages\/25357\/revisions"}],"predecessor-version":[{"id":29227,"href":"https:\/\/www.ahs-zirkusgasse.at\/index.php\/wp-json\/wp\/v2\/pages\/25357\/revisions\/29227"}],"wp:attachment":[{"href":"https:\/\/www.ahs-zirkusgasse.at\/index.php\/wp-json\/wp\/v2\/media?parent=25357"}],"curies":[{"name":"wp","href":"https:\/\/api.w.org\/{rel}","templated":true}]}}