{"id":25359,"date":"2022-06-30T18:03:24","date_gmt":"2022-06-30T16:03:24","guid":{"rendered":"http:\/\/172.20.100.6\/?page_id=25359"},"modified":"2022-11-07T14:15:36","modified_gmt":"2022-11-07T13:15:36","slug":"chemie","status":"publish","type":"page","link":"https:\/\/www.ahs-zirkusgasse.at\/index.php\/chemie\/","title":{"rendered":"Chemie"},"content":{"rendered":"<p>[et_pb_section fb_built=&#8220;1&#8243; fullwidth=&#8220;on&#8220; _builder_version=&#8220;4.17.4&#8243; _module_preset=&#8220;default&#8220; da_disable_devices=&#8220;off|off|off&#8220; locked=&#8220;off&#8220; global_colors_info=&#8220;{}&#8220; da_is_popup=&#8220;off&#8220; da_exit_intent=&#8220;off&#8220; da_has_close=&#8220;on&#8220; da_alt_close=&#8220;off&#8220; da_dark_close=&#8220;off&#8220; da_not_modal=&#8220;on&#8220; da_is_singular=&#8220;off&#8220; da_with_loader=&#8220;off&#8220; da_has_shadow=&#8220;on&#8220;][et_pb_fullwidth_header title=&#8220;Chemie&#8220; _builder_version=&#8220;4.17.4&#8243; _module_preset=&#8220;default&#8220; background_color=&#8220;rgba(12,113,195,0.7)&#8220; global_colors_info=&#8220;{}&#8220;][\/et_pb_fullwidth_header][\/et_pb_section][et_pb_section fb_built=&#8220;1&#8243; _builder_version=&#8220;4.17.4&#8243; _module_preset=&#8220;default&#8220; da_disable_devices=&#8220;off|off|off&#8220; locked=&#8220;off&#8220; global_colors_info=&#8220;{}&#8220; da_is_popup=&#8220;off&#8220; da_exit_intent=&#8220;off&#8220; da_has_close=&#8220;on&#8220; da_alt_close=&#8220;off&#8220; da_dark_close=&#8220;off&#8220; da_not_modal=&#8220;on&#8220; da_is_singular=&#8220;off&#8220; da_with_loader=&#8220;off&#8220; da_has_shadow=&#8220;on&#8220;][et_pb_row column_structure=&#8220;2_5,3_5&#8243; _builder_version=&#8220;4.17.4&#8243; _module_preset=&#8220;default&#8220; global_colors_info=&#8220;{}&#8220;][et_pb_column type=&#8220;2_5&#8243; _builder_version=&#8220;4.17.4&#8243; _module_preset=&#8220;default&#8220; global_colors_info=&#8220;{}&#8220;][et_pb_icon font_icon=&#8220;&#xf0c3;||fa||900&#8243; icon_color=&#8220;#0C71C3&#8243; _builder_version=&#8220;4.17.4&#8243; _module_preset=&#8220;default&#8220; global_colors_info=&#8220;{}&#8220;][\/et_pb_icon][et_pb_image src=&#8220;https:\/\/www.ahs-zirkusgasse.at\/wp-content\/uploads\/2022\/11\/chemie.jpeg&#8220; _builder_version=&#8220;4.19.0&#8243; _module_preset=&#8220;default&#8220; alt=&#8220;chemie&#8220; title_text=&#8220;chemie&#8220; hover_enabled=&#8220;0&#8243; sticky_enabled=&#8220;0&#8243;][\/et_pb_image][\/et_pb_column][et_pb_column type=&#8220;3_5&#8243; _builder_version=&#8220;4.17.4&#8243; _module_preset=&#8220;default&#8220; global_colors_info=&#8220;{}&#8220;][et_pb_text _builder_version=&#8220;4.19.0&#8243; _module_preset=&#8220;default&#8220; hover_enabled=&#8220;0&#8243; global_colors_info=&#8220;{}&#8220; sticky_enabled=&#8220;0&#8243;]<\/p>\n<div class=\"\">Marie Curie (1867-1934, Nobelpreis f\u00fcr Physik 1903 und f\u00fcr Chemie 1911) soll einmal gesagt haben:\u00a0<\/div>\n<div class=\"\">\u201c<b class=\"\">Was man verstehen gelernt hat, f\u00fcrchtet man nicht<\/b>.\u201d<\/div>\n<div class=\"\"><\/div>\n<div class=\"\">In diesem Sinne findet der Chemieunterricht an unserer Schule statt. Chemie ist nichts, wovor man sich f\u00fcrchten muss, sondern die Chemie beschreibt alles in und um uns.<br class=\"\" \/>Ohne sie g\u00e4be es kein Leben, keine Planeten, kein Universum. Sie bestimmt unser Leben und das aller Organismen.<br class=\"\" \/>Dies versuchen wir unseren Sch\u00fcler:innen zu vermitteln: die Grundlagen chemischer Prozesse, den Aufbau von Stoffen, deren Funktionen und Nutzen.<br class=\"\" \/>Sie sollen lernen Informationen (Fachinformationen, Berichte aus den Medien) kritisch zu hinterfragen und ein Bewusstsein f\u00fcr die Bedeutung der Chemie zu erlangen.<\/div>\n<div class=\"\">Im Hinblick auf die kompetenzorientierte Matura sollen Sch\u00fcler:innen lernen Experimente selbstst\u00e4ndig durchzuf\u00fchren und eine wissenschaftliche Denkweise entwickeln.<\/div>\n<div class=\"\"><br class=\"\" \/>Im Realzweig der Oberstufe gibt es als besonderen Schwerpunkt in der 6. und 7. Klasse ein 14-t\u00e4gig gef\u00fchrtes Labor, indem die Sch\u00fcler:innen die im Unterricht behandelten Themen experimentell aufarbeiten und eine naturwissenschaftliche Arbeitsweise entwickeln.<\/div>\n<div class=\"\">Gerne wird an unserer Schule f\u00e4cher\u00fcbergreifend gearbeitet, um den Sch\u00fcler:innen zu erm\u00f6glichen vernetzt zu denken und zu arbeiten.<\/div>\n<div class=\"\"><\/div>\n<div class=\"\">Abgerundet wird der Chemieunterricht durch diverse Lehrausg\u00e4nge oft auch unter einem f\u00e4cher\u00fcbergreifenden Projektthema, wie zum Beispiel in den Industriepark Krems (Chemie und Wirtschaftskunde), ins Vienna Open Lab (Chemie und Biologie), ins Mitmachlabor der TU Wien (Laborunterricht).\u00a0<\/div>\n<div class=\"\"><\/div>\n<div class=\"\">Zudem bietet sich die Chemie f\u00fcr eine Vielzahl von Themen f\u00fcr eine VWA an.<\/div>\n<p>[\/et_pb_text][\/et_pb_column][\/et_pb_row][\/et_pb_section]<\/p>\n","protected":false},"excerpt":{"rendered":"<p>Marie Curie (1867-1934, Nobelpreis f\u00fcr Physik 1903 und f\u00fcr Chemie 1911) soll einmal gesagt haben:\u00a0 \u201cWas man verstehen gelernt hat, f\u00fcrchtet man nicht.\u201d In diesem Sinne findet der Chemieunterricht an [&hellip;]<\/p>\n","protected":false},"author":1,"featured_media":0,"parent":0,"menu_order":0,"comment_status":"closed","ping_status":"closed","template":"","meta":{"_et_pb_use_builder":"on","_et_pb_old_content":"<!-- wp:divi\/placeholder \/-->","_et_gb_content_width":"","_price":"","_stock":"","_tribe_ticket_header":"","_tribe_default_ticket_provider":"","_ticket_start_date":"","_ticket_end_date":"","_tribe_ticket_show_description":"","_tribe_ticket_show_not_going":false,"_tribe_ticket_use_global_stock":"","_tribe_ticket_global_stock_level":"","_global_stock_mode":"","_global_stock_cap":"","_tribe_rsvp_for_event":"","_tribe_ticket_going_count":"","_tribe_ticket_not_going_count":"","_tribe_tickets_list":"[]","_tribe_ticket_has_attendee_info_fields":false,"footnotes":"","_tec_slr_enabled":"","_tec_slr_layout":""},"class_list":["post-25359","page","type-page","status-publish","hentry"],"ticketed":false,"_links":{"self":[{"href":"https:\/\/www.ahs-zirkusgasse.at\/index.php\/wp-json\/wp\/v2\/pages\/25359","targetHints":{"allow":["GET"]}}],"collection":[{"href":"https:\/\/www.ahs-zirkusgasse.at\/index.php\/wp-json\/wp\/v2\/pages"}],"about":[{"href":"https:\/\/www.ahs-zirkusgasse.at\/index.php\/wp-json\/wp\/v2\/types\/page"}],"author":[{"embeddable":true,"href":"https:\/\/www.ahs-zirkusgasse.at\/index.php\/wp-json\/wp\/v2\/users\/1"}],"replies":[{"embeddable":true,"href":"https:\/\/www.ahs-zirkusgasse.at\/index.php\/wp-json\/wp\/v2\/comments?post=25359"}],"version-history":[{"count":4,"href":"https:\/\/www.ahs-zirkusgasse.at\/index.php\/wp-json\/wp\/v2\/pages\/25359\/revisions"}],"predecessor-version":[{"id":26230,"href":"https:\/\/www.ahs-zirkusgasse.at\/index.php\/wp-json\/wp\/v2\/pages\/25359\/revisions\/26230"}],"wp:attachment":[{"href":"https:\/\/www.ahs-zirkusgasse.at\/index.php\/wp-json\/wp\/v2\/media?parent=25359"}],"curies":[{"name":"wp","href":"https:\/\/api.w.org\/{rel}","templated":true}]}}