{"id":25361,"date":"2022-06-30T18:03:33","date_gmt":"2022-06-30T16:03:33","guid":{"rendered":"http:\/\/172.20.100.6\/?page_id=25361"},"modified":"2025-05-07T10:26:23","modified_gmt":"2025-05-07T08:26:23","slug":"deutsch","status":"publish","type":"page","link":"https:\/\/www.ahs-zirkusgasse.at\/index.php\/deutsch\/","title":{"rendered":"Deutsch"},"content":{"rendered":"<p>[et_pb_section fb_built=&#8220;1&#8243; fullwidth=&#8220;on&#8220; _builder_version=&#8220;4.17.4&#8243; _module_preset=&#8220;default&#8220; da_disable_devices=&#8220;off|off|off&#8220; locked=&#8220;off&#8220; global_colors_info=&#8220;{}&#8220; da_is_popup=&#8220;off&#8220; da_exit_intent=&#8220;off&#8220; da_has_close=&#8220;on&#8220; da_alt_close=&#8220;off&#8220; da_dark_close=&#8220;off&#8220; da_not_modal=&#8220;on&#8220; da_is_singular=&#8220;off&#8220; da_with_loader=&#8220;off&#8220; da_has_shadow=&#8220;on&#8220;][et_pb_fullwidth_header title=&#8220;Deutsch&#8220; _builder_version=&#8220;4.17.4&#8243; _module_preset=&#8220;default&#8220; background_color=&#8220;rgba(12,113,195,0.7)&#8220; global_colors_info=&#8220;{}&#8220;][\/et_pb_fullwidth_header][\/et_pb_section][et_pb_section fb_built=&#8220;1&#8243; _builder_version=&#8220;4.17.4&#8243; _module_preset=&#8220;default&#8220; da_disable_devices=&#8220;off|off|off&#8220; locked=&#8220;off&#8220; global_colors_info=&#8220;{}&#8220; da_is_popup=&#8220;off&#8220; da_exit_intent=&#8220;off&#8220; da_has_close=&#8220;on&#8220; da_alt_close=&#8220;off&#8220; da_dark_close=&#8220;off&#8220; da_not_modal=&#8220;on&#8220; da_is_singular=&#8220;off&#8220; da_with_loader=&#8220;off&#8220; da_has_shadow=&#8220;on&#8220;][et_pb_row column_structure=&#8220;2_5,3_5&#8243; _builder_version=&#8220;4.17.4&#8243; _module_preset=&#8220;default&#8220; global_colors_info=&#8220;{}&#8220;][et_pb_column type=&#8220;2_5&#8243; _builder_version=&#8220;4.17.4&#8243; _module_preset=&#8220;default&#8220; global_colors_info=&#8220;{}&#8220;][et_pb_icon font_icon=&#8220;&#xf02d;||fa||900&#8243; icon_color=&#8220;#0C71C3&#8243; _builder_version=&#8220;4.17.4&#8243; _module_preset=&#8220;default&#8220; global_colors_info=&#8220;{}&#8220;][\/et_pb_icon][\/et_pb_column][et_pb_column type=&#8220;3_5&#8243; _builder_version=&#8220;4.17.4&#8243; _module_preset=&#8220;default&#8220; global_colors_info=&#8220;{}&#8220;][et_pb_text _builder_version=&#8220;4.17.4&#8243; _module_preset=&#8220;default&#8220; global_colors_info=&#8220;{}&#8220;]<\/p>\n<p class=\"text\"><strong><u>Fordern und F\u00f6rdern<\/u><\/strong><br \/>Es ist Tradition an unserer Schule, Kinder zu fordern, sie aber vor allem zu f\u00f6rdern und sie beim Lernen zu unterst\u00fctzen.<br \/>Seit Jahren bieten wir erfolgreich Hilfe bei Legasthenieproblemen in Form mehrerer Kurse<span>\u00a0<\/span><strong>\u201eLese-Rechtschreib-Training\u201c.<span>\u00a0<\/span><\/strong>Derzeit verf\u00fcgen zwei Kolleginnen \u00fcber eine diesbez\u00fcgliche Zusatzausbildung.<br \/>Erstmals bieten wir an unserer Schule auch<span>\u00a0<\/span><strong>vier Kurse<\/strong><span>\u00a0<\/span><strong>\u201eDeutsch als Zweitsprache\u201c (DAZ)<\/strong><span>\u00a0<\/span>an, die zur gleichen Zeit im Stundenplan ber\u00fccksichtigt wurden, was einen besseren Austausch zwischen den einzelnen Kursen, bzw. Sprachniveaus erm\u00f6glicht.<br \/>So k\u00f6nnen die Sch\u00fclerinnen und Sch\u00fcler in homogenen Gruppen mit anderen Kindern, die ann\u00e4hernd dasselbe Sprachniveau aufweisen, unterrichtet werden.<\/p>\n<p class=\"text\"><strong><u>Deutsch im Unterricht<\/u><\/strong><\/p>\n<p class=\"text\">Gerade das Unterrichtsfach \u201eDeutsch\u201c bietet die M\u00f6glichkeit, ein breites Spektrum an Inhalten zu behandeln.<br \/>Wir sind bestrebt, den Unterricht kompetenzorientiert auszurichten, was vor allem in Hinblick auf die neue standardisierte Reifepr\u00fcfung von gro\u00dfer Bedeutung ist.<br \/>In der Unterstufe werden 4 Wochenstunden Deutsch unterrichtet, in der Oberstufe 3 Stunden.<br \/>Alle Sch\u00fclerinnen und Sch\u00fcler m\u00fcssen verpflichtend zur schriftlichen Klausur im Rahmen der Reifepr\u00fcfung im Fach Deutsch antreten, \u00fcber ein Antreten zu einer m\u00fcndlichen Pr\u00fcfung kann freiwillig entschieden werden.<br \/>Das \u201eWahlpflichtfach Deutsch\u201c (ab der 6. Klasse w\u00e4hlbar) wird zweist\u00fcndig (2 Stunden\/Woche) unterrichtet. Auch in diesem \u201eWahlpflichtfach\u201c kann man zur m\u00fcndlichen Reifepr\u00fcfung antreten. F\u00fcr n\u00e4here Informationen siehe hierzu: Wahlpflichtfach Deutsch<br \/>Ein Hauptaugenmerk im Unterricht liegt von der Unterstufe an auf den einzelnen Textsorten, wobei einerseits das Erkennen der Textart, das Textverst\u00e4ndnis, aber auch das eigenst\u00e4ndige Verfassen der Texte im Vordergrund steht.<br \/>Die Sch\u00fclerinnen und Sch\u00fcler bekommen Einblick in die M\u00f6glichkeiten, die ihnen die Sprache im Allgemeinen und die deutsche Sprache im Speziellen bietet. Die F\u00f6rderung einer gewissen sprachlichen Gewandtheit ist uns ein gro\u00dfes Anliegen.<\/p>\n<p class=\"text\"><u>Lesen, Textverst\u00e4ndnis und Schreiben<\/u><span>\u00a0<\/span>sind wichtige Voraussetzungen im Alltag und im Berufsleben.<br \/>Dar\u00fcber hinaus ist die Literatur ein wesentlicher Bestandteil des Unterrichts, Klassenlekt\u00fcre, Lesungen und Theaterbesuche werden im Fach \u201eDeutsch\u201c in allen Unterrichtsstufen eingeplant. So kann und wird das Interesse, auch au\u00dferhalb der Schule Literatur zu konsumieren, etwa regelm\u00e4\u00dfig das Theater zu besuchen, geweckt.<br \/>Alternative Lernstrategien, offenes Lernen und Freiarbeit werden immer wieder von zahlreichen Kolleginnen und Kollegen zum Einsatz gebracht, um auch in diesem Bereich eine m\u00f6glichst gro\u00dfe Vielfalt und Abwechslung im Unterrichtsfach Deutsch zu bieten.<\/p>\n<p>[\/et_pb_text][\/et_pb_column][\/et_pb_row][\/et_pb_section]<\/p>\n","protected":false},"excerpt":{"rendered":"<p>Fordern und F\u00f6rdernEs ist Tradition an unserer Schule, Kinder zu fordern, sie aber vor allem zu f\u00f6rdern und sie beim Lernen zu unterst\u00fctzen.Seit Jahren bieten wir erfolgreich Hilfe bei Legasthenieproblemen [&hellip;]<\/p>\n","protected":false},"author":1,"featured_media":0,"parent":0,"menu_order":0,"comment_status":"closed","ping_status":"closed","template":"","meta":{"_et_pb_use_builder":"on","_et_pb_old_content":"<!-- wp:divi\/placeholder \/-->","_et_gb_content_width":"","_price":"","_stock":"","_tribe_ticket_header":"","_tribe_default_ticket_provider":"","_ticket_start_date":"","_ticket_end_date":"","_tribe_ticket_show_description":"","_tribe_ticket_show_not_going":false,"_tribe_ticket_use_global_stock":"","_tribe_ticket_global_stock_level":"","_global_stock_mode":"","_global_stock_cap":"","_tribe_rsvp_for_event":"","_tribe_ticket_going_count":"","_tribe_ticket_not_going_count":"","_tribe_tickets_list":"[]","_tribe_ticket_has_attendee_info_fields":false,"footnotes":"","_tec_slr_enabled":"","_tec_slr_layout":""},"class_list":["post-25361","page","type-page","status-publish","hentry"],"ticketed":false,"_links":{"self":[{"href":"https:\/\/www.ahs-zirkusgasse.at\/index.php\/wp-json\/wp\/v2\/pages\/25361","targetHints":{"allow":["GET"]}}],"collection":[{"href":"https:\/\/www.ahs-zirkusgasse.at\/index.php\/wp-json\/wp\/v2\/pages"}],"about":[{"href":"https:\/\/www.ahs-zirkusgasse.at\/index.php\/wp-json\/wp\/v2\/types\/page"}],"author":[{"embeddable":true,"href":"https:\/\/www.ahs-zirkusgasse.at\/index.php\/wp-json\/wp\/v2\/users\/1"}],"replies":[{"embeddable":true,"href":"https:\/\/www.ahs-zirkusgasse.at\/index.php\/wp-json\/wp\/v2\/comments?post=25361"}],"version-history":[{"count":4,"href":"https:\/\/www.ahs-zirkusgasse.at\/index.php\/wp-json\/wp\/v2\/pages\/25361\/revisions"}],"predecessor-version":[{"id":29226,"href":"https:\/\/www.ahs-zirkusgasse.at\/index.php\/wp-json\/wp\/v2\/pages\/25361\/revisions\/29226"}],"wp:attachment":[{"href":"https:\/\/www.ahs-zirkusgasse.at\/index.php\/wp-json\/wp\/v2\/media?parent=25361"}],"curies":[{"name":"wp","href":"https:\/\/api.w.org\/{rel}","templated":true}]}}