{"id":25363,"date":"2022-06-30T18:03:44","date_gmt":"2022-06-30T16:03:44","guid":{"rendered":"http:\/\/172.20.100.6\/?page_id=25363"},"modified":"2025-05-07T10:27:23","modified_gmt":"2025-05-07T08:27:23","slug":"englisch","status":"publish","type":"page","link":"https:\/\/www.ahs-zirkusgasse.at\/index.php\/englisch\/","title":{"rendered":"Englisch"},"content":{"rendered":"<p>[et_pb_section fb_built=&#8220;1&#8243; fullwidth=&#8220;on&#8220; _builder_version=&#8220;4.17.4&#8243; _module_preset=&#8220;default&#8220; da_disable_devices=&#8220;off|off|off&#8220; locked=&#8220;off&#8220; global_colors_info=&#8220;{}&#8220; da_is_popup=&#8220;off&#8220; da_exit_intent=&#8220;off&#8220; da_has_close=&#8220;on&#8220; da_alt_close=&#8220;off&#8220; da_dark_close=&#8220;off&#8220; da_not_modal=&#8220;on&#8220; da_is_singular=&#8220;off&#8220; da_with_loader=&#8220;off&#8220; da_has_shadow=&#8220;on&#8220;][et_pb_fullwidth_header title=&#8220;Englisch&#8220; _builder_version=&#8220;4.17.4&#8243; _module_preset=&#8220;default&#8220; background_color=&#8220;rgba(12,113,195,0.7)&#8220; global_colors_info=&#8220;{}&#8220;][\/et_pb_fullwidth_header][\/et_pb_section][et_pb_section fb_built=&#8220;1&#8243; _builder_version=&#8220;4.17.4&#8243; _module_preset=&#8220;default&#8220; da_disable_devices=&#8220;off|off|off&#8220; locked=&#8220;off&#8220; global_colors_info=&#8220;{}&#8220; da_is_popup=&#8220;off&#8220; da_exit_intent=&#8220;off&#8220; da_has_close=&#8220;on&#8220; da_alt_close=&#8220;off&#8220; da_dark_close=&#8220;off&#8220; da_not_modal=&#8220;on&#8220; da_is_singular=&#8220;off&#8220; da_with_loader=&#8220;off&#8220; da_has_shadow=&#8220;on&#8220;][et_pb_row column_structure=&#8220;2_5,3_5&#8243; _builder_version=&#8220;4.17.4&#8243; _module_preset=&#8220;default&#8220; global_colors_info=&#8220;{}&#8220;][et_pb_column type=&#8220;2_5&#8243; _builder_version=&#8220;4.17.4&#8243; _module_preset=&#8220;default&#8220; global_colors_info=&#8220;{}&#8220;][et_pb_icon font_icon=&#8220;&#xe066;||divi||400&#8243; icon_color=&#8220;#0C71C3&#8243; _builder_version=&#8220;4.17.4&#8243; _module_preset=&#8220;default&#8220; global_colors_info=&#8220;{}&#8220;][\/et_pb_icon][\/et_pb_column][et_pb_column type=&#8220;3_5&#8243; _builder_version=&#8220;4.17.4&#8243; _module_preset=&#8220;default&#8220; global_colors_info=&#8220;{}&#8220;][et_pb_text _builder_version=&#8220;4.17.4&#8243; _module_preset=&#8220;default&#8220; global_colors_info=&#8220;{}&#8220;]<\/p>\n<p class=\"text\">ENGLISH is important today, das ist unbestritten!<br \/>Das Ziel des Englisch-Unterrichts in der Unterstufe ist, den Kindern das Selbstvertrauen zu geben, sich in verschiedensten Alltagssituationen ohne Angst auszudr\u00fccken und Englisch-sprechende Personen zu verstehen.<br \/>In der dritten und vierten Klasse liegt das Augenmerk zunehmend auch auf dem schriftlichen Ausdruck, der Vertiefung des Wortschatzes und stilistischen Feinheiten. Die Sch\u00fcler und Sch\u00fclerinnen halten Referate, f\u00fcr die sie Fakten recherchieren und die eigene Meinung pr\u00e4sentieren. Damit wird der \u00dcbergang in die Oberstufe vorbereitet.<\/p>\n<p class=\"text\"><strong class=\"a_submenu\">Englischunterricht Oberstufe<\/strong><br \/>Ein wesentliches Ziel des Englischunterrichts in der Oberstufe ist es, den Unterricht kompetenzorientiert zu gestalten, um die rezeptiven und produktiven Fertigkeiten der Lernenden besonders zu f\u00f6rdern. Dies ist vor allem in Hinblick auf die standardisierte Reifepr\u00fcfung von zentraler Bedeutung.<br \/>Dar\u00fcber hinaus werden die Jugendlichen dabei unterst\u00fctzt, ihre Kommunikationsf\u00e4higkeit und insbesondere ihren Wortschatz zu erweitern und jene Kompetenzen in der englischen Sprache zu erwerben, die es ihnen erm\u00f6glichen, in unterschiedlichen Situationen und auch au\u00dferhalb des Unterrichts erfolgreich zu kommunizieren.<br \/>Auf dem Weg zur Matura wird eine Vielzahl an gesellschaftlich relevanten, landeskundlichen und dem Lebensumfeld der Sch\u00fclerinnen und Sch\u00fclern entsprechenden Themen abgedeckt und zum Teil mit Beispielen aus der klassischen und modernen englischsprachigen Literatur erg\u00e4nzt.<br \/>Um die oben angef\u00fchrten handlungsorientierten Lernziele zu erreichen, werden Projekte, Theatervorstellungen und Workshops angeboten, welche den Sch\u00fclerinnen und Sch\u00fclern einen lebensnahen und themenbezogenen Zugang zur englischen Sprache erm\u00f6glichen.<br \/>F\u00fcr viele Lernende stellt die Teilnahme an Intensivsprachwochen im Ausland eine besonders abwechslungsreiche und motivierende Form des Fremdsprachenerwerbs dar. Auch durch den regelm\u00e4\u00dfigen Einsatz von \u201enative speakers\u201c im Unterricht kommen die Sch\u00fclerinnen und Sch\u00fcler in Kontakt mit der Zielsprache.<\/p>\n<p>[\/et_pb_text][\/et_pb_column][\/et_pb_row][\/et_pb_section]<\/p>\n","protected":false},"excerpt":{"rendered":"<p>ENGLISH is important today, das ist unbestritten!Das Ziel des Englisch-Unterrichts in der Unterstufe ist, den Kindern das Selbstvertrauen zu geben, sich in verschiedensten Alltagssituationen ohne Angst auszudr\u00fccken und Englisch-sprechende Personen [&hellip;]<\/p>\n","protected":false},"author":1,"featured_media":0,"parent":0,"menu_order":0,"comment_status":"closed","ping_status":"closed","template":"","meta":{"_et_pb_use_builder":"on","_et_pb_old_content":"<!-- wp:divi\/placeholder \/-->","_et_gb_content_width":"","_price":"","_stock":"","_tribe_ticket_header":"","_tribe_default_ticket_provider":"","_ticket_start_date":"","_ticket_end_date":"","_tribe_ticket_show_description":"","_tribe_ticket_show_not_going":false,"_tribe_ticket_use_global_stock":"","_tribe_ticket_global_stock_level":"","_global_stock_mode":"","_global_stock_cap":"","_tribe_rsvp_for_event":"","_tribe_ticket_going_count":"","_tribe_ticket_not_going_count":"","_tribe_tickets_list":"[]","_tribe_ticket_has_attendee_info_fields":false,"footnotes":"","_tec_slr_enabled":"","_tec_slr_layout":""},"class_list":["post-25363","page","type-page","status-publish","hentry"],"ticketed":false,"_links":{"self":[{"href":"https:\/\/www.ahs-zirkusgasse.at\/index.php\/wp-json\/wp\/v2\/pages\/25363","targetHints":{"allow":["GET"]}}],"collection":[{"href":"https:\/\/www.ahs-zirkusgasse.at\/index.php\/wp-json\/wp\/v2\/pages"}],"about":[{"href":"https:\/\/www.ahs-zirkusgasse.at\/index.php\/wp-json\/wp\/v2\/types\/page"}],"author":[{"embeddable":true,"href":"https:\/\/www.ahs-zirkusgasse.at\/index.php\/wp-json\/wp\/v2\/users\/1"}],"replies":[{"embeddable":true,"href":"https:\/\/www.ahs-zirkusgasse.at\/index.php\/wp-json\/wp\/v2\/comments?post=25363"}],"version-history":[{"count":4,"href":"https:\/\/www.ahs-zirkusgasse.at\/index.php\/wp-json\/wp\/v2\/pages\/25363\/revisions"}],"predecessor-version":[{"id":29228,"href":"https:\/\/www.ahs-zirkusgasse.at\/index.php\/wp-json\/wp\/v2\/pages\/25363\/revisions\/29228"}],"wp:attachment":[{"href":"https:\/\/www.ahs-zirkusgasse.at\/index.php\/wp-json\/wp\/v2\/media?parent=25363"}],"curies":[{"name":"wp","href":"https:\/\/api.w.org\/{rel}","templated":true}]}}