{"id":25371,"date":"2022-06-30T18:04:42","date_gmt":"2022-06-30T16:04:42","guid":{"rendered":"http:\/\/172.20.100.6\/?page_id=25371"},"modified":"2022-06-30T18:34:27","modified_gmt":"2022-06-30T16:34:27","slug":"mathematik","status":"publish","type":"page","link":"https:\/\/www.ahs-zirkusgasse.at\/index.php\/mathematik\/","title":{"rendered":"Mathematik"},"content":{"rendered":"<p>[et_pb_section fb_built=&#8220;1&#8243; fullwidth=&#8220;on&#8220; _builder_version=&#8220;4.17.4&#8243; _module_preset=&#8220;default&#8220; da_disable_devices=&#8220;off|off|off&#8220; global_colors_info=&#8220;{}&#8220; da_is_popup=&#8220;off&#8220; da_exit_intent=&#8220;off&#8220; da_has_close=&#8220;on&#8220; da_alt_close=&#8220;off&#8220; da_dark_close=&#8220;off&#8220; da_not_modal=&#8220;on&#8220; da_is_singular=&#8220;off&#8220; da_with_loader=&#8220;off&#8220; da_has_shadow=&#8220;on&#8220;][et_pb_fullwidth_header title=&#8220;Mathematik&#8220; _builder_version=&#8220;4.17.4&#8243; _module_preset=&#8220;default&#8220; background_color=&#8220;rgba(12,113,195,0.7)&#8220; global_colors_info=&#8220;{}&#8220;][\/et_pb_fullwidth_header][\/et_pb_section][et_pb_section fb_built=&#8220;1&#8243; _builder_version=&#8220;4.17.4&#8243; _module_preset=&#8220;default&#8220; da_disable_devices=&#8220;off|off|off&#8220; global_colors_info=&#8220;{}&#8220; da_is_popup=&#8220;off&#8220; da_exit_intent=&#8220;off&#8220; da_has_close=&#8220;on&#8220; da_alt_close=&#8220;off&#8220; da_dark_close=&#8220;off&#8220; da_not_modal=&#8220;on&#8220; da_is_singular=&#8220;off&#8220; da_with_loader=&#8220;off&#8220; da_has_shadow=&#8220;on&#8220;][et_pb_row column_structure=&#8220;2_5,3_5&#8243; _builder_version=&#8220;4.17.4&#8243; _module_preset=&#8220;default&#8220; global_colors_info=&#8220;{}&#8220;][et_pb_column type=&#8220;2_5&#8243; _builder_version=&#8220;4.17.4&#8243; _module_preset=&#8220;default&#8220; global_colors_info=&#8220;{}&#8220;][et_pb_icon font_icon=&#8220;&#xf698;||fa||900&#8243; icon_color=&#8220;#0C71C3&#8243; _builder_version=&#8220;4.17.4&#8243; _module_preset=&#8220;default&#8220; hover_enabled=&#8220;0&#8243; global_colors_info=&#8220;{}&#8220; sticky_enabled=&#8220;0&#8243;][\/et_pb_icon][\/et_pb_column][et_pb_column type=&#8220;3_5&#8243; _builder_version=&#8220;4.17.4&#8243; _module_preset=&#8220;default&#8220; global_colors_info=&#8220;{}&#8220;][et_pb_text _builder_version=&#8220;4.17.4&#8243; _module_preset=&#8220;default&#8220; hover_enabled=&#8220;0&#8243; global_colors_info=&#8220;{}&#8220; sticky_enabled=&#8220;0&#8243;]<\/p>\n<p class=\"text\">Im Fach Mathematik erwarten wir von unseren Erstklasslern, dass sie das Einmaleins und die Grundrechnungsarten gut beherrschen. Darauf ausbauend erweitern wir in der ersten Klasse den Zahlenraum um die Dezimalzahlen, au\u00dferdem werden die Grundlagen der Geometrie vermittelt. Wir f\u00f6rdern ab der ersten Klasse die richtige Verwendung der mathematischen Fachsprache, sowie das Begr\u00fcnden von L\u00f6sungswegen und Interpretieren von Graphiken.<br \/>In den vier Jahren der Unterstufe werden die in den Bildungsstandards festgelegten Fertigkeiten (Operieren, Darstellen, Interpretieren, Begr\u00fcnden, Argumentieren) besonders trainiert.<\/p>\n<p class=\"text\">In der Oberstufe ist der Mathematikunterricht einerseits auf die Zentralmatura ausgerichtet, andererseits soll er die Grundlagen f\u00fcr ein Hochschulstudium vermitteln, da in vielen Studienrichtungen Mathematik auf dem Studienplan steht.<\/p>\n<p>[\/et_pb_text][\/et_pb_column][\/et_pb_row][\/et_pb_section]<\/p>\n","protected":false},"excerpt":{"rendered":"<p>Im Fach Mathematik erwarten wir von unseren Erstklasslern, dass sie das Einmaleins und die Grundrechnungsarten gut beherrschen. Darauf ausbauend erweitern wir in der ersten Klasse den Zahlenraum um die Dezimalzahlen, [&hellip;]<\/p>\n","protected":false},"author":1,"featured_media":0,"parent":0,"menu_order":0,"comment_status":"closed","ping_status":"closed","template":"","meta":{"_et_pb_use_builder":"on","_et_pb_old_content":"<!-- wp:divi\/placeholder \/-->","_et_gb_content_width":"","_price":"","_stock":"","_tribe_ticket_header":"","_tribe_default_ticket_provider":"","_ticket_start_date":"","_ticket_end_date":"","_tribe_ticket_show_description":"","_tribe_ticket_show_not_going":false,"_tribe_ticket_use_global_stock":"","_tribe_ticket_global_stock_level":"","_global_stock_mode":"","_global_stock_cap":"","_tribe_rsvp_for_event":"","_tribe_ticket_going_count":"","_tribe_ticket_not_going_count":"","_tribe_tickets_list":"[]","_tribe_ticket_has_attendee_info_fields":false,"footnotes":"","_tec_slr_enabled":"","_tec_slr_layout":""},"class_list":["post-25371","page","type-page","status-publish","hentry"],"ticketed":false,"_links":{"self":[{"href":"https:\/\/www.ahs-zirkusgasse.at\/index.php\/wp-json\/wp\/v2\/pages\/25371","targetHints":{"allow":["GET"]}}],"collection":[{"href":"https:\/\/www.ahs-zirkusgasse.at\/index.php\/wp-json\/wp\/v2\/pages"}],"about":[{"href":"https:\/\/www.ahs-zirkusgasse.at\/index.php\/wp-json\/wp\/v2\/types\/page"}],"author":[{"embeddable":true,"href":"https:\/\/www.ahs-zirkusgasse.at\/index.php\/wp-json\/wp\/v2\/users\/1"}],"replies":[{"embeddable":true,"href":"https:\/\/www.ahs-zirkusgasse.at\/index.php\/wp-json\/wp\/v2\/comments?post=25371"}],"version-history":[{"count":3,"href":"https:\/\/www.ahs-zirkusgasse.at\/index.php\/wp-json\/wp\/v2\/pages\/25371\/revisions"}],"predecessor-version":[{"id":25407,"href":"https:\/\/www.ahs-zirkusgasse.at\/index.php\/wp-json\/wp\/v2\/pages\/25371\/revisions\/25407"}],"wp:attachment":[{"href":"https:\/\/www.ahs-zirkusgasse.at\/index.php\/wp-json\/wp\/v2\/media?parent=25371"}],"curies":[{"name":"wp","href":"https:\/\/api.w.org\/{rel}","templated":true}]}}