{"id":25373,"date":"2022-06-30T18:04:53","date_gmt":"2022-06-30T16:04:53","guid":{"rendered":"http:\/\/172.20.100.6\/?page_id=25373"},"modified":"2022-06-30T18:35:48","modified_gmt":"2022-06-30T16:35:48","slug":"musikerziehung","status":"publish","type":"page","link":"https:\/\/www.ahs-zirkusgasse.at\/index.php\/musikerziehung\/","title":{"rendered":"Musikerziehung"},"content":{"rendered":"<p>[et_pb_section fb_built=&#8220;1&#8243; fullwidth=&#8220;on&#8220; _builder_version=&#8220;4.17.4&#8243; _module_preset=&#8220;default&#8220; da_disable_devices=&#8220;off|off|off&#8220; global_colors_info=&#8220;{}&#8220; da_is_popup=&#8220;off&#8220; da_exit_intent=&#8220;off&#8220; da_has_close=&#8220;on&#8220; da_alt_close=&#8220;off&#8220; da_dark_close=&#8220;off&#8220; da_not_modal=&#8220;on&#8220; da_is_singular=&#8220;off&#8220; da_with_loader=&#8220;off&#8220; da_has_shadow=&#8220;on&#8220;][et_pb_fullwidth_header title=&#8220;Musikerziehung&#8220; _builder_version=&#8220;4.17.4&#8243; _module_preset=&#8220;default&#8220; background_color=&#8220;rgba(12,113,195,0.7)&#8220; global_colors_info=&#8220;{}&#8220;][\/et_pb_fullwidth_header][\/et_pb_section][et_pb_section fb_built=&#8220;1&#8243; _builder_version=&#8220;4.17.4&#8243; _module_preset=&#8220;default&#8220; da_disable_devices=&#8220;off|off|off&#8220; global_colors_info=&#8220;{}&#8220; da_is_popup=&#8220;off&#8220; da_exit_intent=&#8220;off&#8220; da_has_close=&#8220;on&#8220; da_alt_close=&#8220;off&#8220; da_dark_close=&#8220;off&#8220; da_not_modal=&#8220;on&#8220; da_is_singular=&#8220;off&#8220; da_with_loader=&#8220;off&#8220; da_has_shadow=&#8220;on&#8220;][et_pb_row column_structure=&#8220;2_5,3_5&#8243; _builder_version=&#8220;4.17.4&#8243; _module_preset=&#8220;default&#8220; global_colors_info=&#8220;{}&#8220;][et_pb_column type=&#8220;2_5&#8243; _builder_version=&#8220;4.17.4&#8243; _module_preset=&#8220;default&#8220; global_colors_info=&#8220;{}&#8220;][et_pb_icon font_icon=&#8220;&#xf001;||fa||900&#8243; icon_color=&#8220;#0C71C3&#8243; _builder_version=&#8220;4.17.4&#8243; _module_preset=&#8220;default&#8220; hover_enabled=&#8220;0&#8243; global_colors_info=&#8220;{}&#8220; sticky_enabled=&#8220;0&#8243;][\/et_pb_icon][\/et_pb_column][et_pb_column type=&#8220;3_5&#8243; _builder_version=&#8220;4.17.4&#8243; _module_preset=&#8220;default&#8220; global_colors_info=&#8220;{}&#8220;][et_pb_text _builder_version=&#8220;4.17.4&#8243; _module_preset=&#8220;default&#8220; hover_enabled=&#8220;0&#8243; global_colors_info=&#8220;{}&#8220; sticky_enabled=&#8220;0&#8243;]<\/p>\n<p class=\"text\">Musik ist eine Kunst im Spannungsbogen zwischen elementaren, urspr\u00fcnglichen und direkten \u00c4u\u00dferungen menschlicher Ausdrucksbed\u00fcrnisse einerseits und einer dicht gewobenen klingenden Gestaltform nicht nur sinnlich sondern auch in hohem Ma\u00dfe intellektuell erfahrbarer und deutbarer Informationen und Symbolen andererseits.<\/p>\n<p class=\"text\">Der erw\u00e4hnte erstere Bereich spiegelt sich im Musikunterricht in den verschiedenen Formen des elementaren Musizierens im Klassenverband wider: Besch\u00e4ftigung mit dem Parameter Rhythmus in Form von kleinen \u201eRhythmus-Dramen\u201c unter Verwendung aller denkbaren Alltagsgegenst\u00e4nde oder auch nur der M\u00f6glichkeiten des eigenen K\u00f6rpers nach dem Vorbild des Konzepts \u201eSTOMP\u201c (selbstverst\u00e4ndlich wesentlich vereinfacht!); Erfahrungen mit der Verwendung einfachster Instrumente; Einbau des Elements \u201eBewegung\u201c etc. Ein ganz gro\u00dfer Schwerpunkt muss auf der Besch\u00e4ftigung mit dem einfachsten und urspr\u00fcnglichsten Instrument \u00fcberhaupt liegen, der menschlichen Singstimme \u2013 dementsprechend ist. Das Singen im Klassenverband ein wesentlicher Bestandteil jedes Musikunterrichts.<\/p>\n<p class=\"text\">Musik sei \u201edas Ger\u00e4usch, das denkt\u201c &#8211; so formulierte es Viktor Hugo. Damit ist in sehr pointierter Weise der weiter oben angesprochene Aspekt umrissen, der die intellektuelle Dimension dieser Kunstform anspricht. Musik transportiert Informationen, Musik kann \u201eetwas meinen\u201c, &#8211; wie macht sie das und wie \u201eliest\u201c man diese Informationen angemessen? Wie \u201ebaut\u201c ein Komponist ein Musikst\u00fcck? Mit welchem Material und nach welchem Bauplan? Wie ver\u00e4ndert sich Musik im Laufe der Geschichte und warum tut sie das?<br \/>Antworten auf diese und eine lange Reihe weiterer Fragen sollen im Idealfall im Verlauf der fortschreitenden Schulstufen mindestens dazu f\u00fchren, \u201ewissende\u201c, \u201eerwachsene\u201c und schlussendlich kritische Konsumenten von Musik zu erziehen.<\/p>\n<p>[\/et_pb_text][\/et_pb_column][\/et_pb_row][\/et_pb_section]<\/p>\n","protected":false},"excerpt":{"rendered":"<p>Musik ist eine Kunst im Spannungsbogen zwischen elementaren, urspr\u00fcnglichen und direkten \u00c4u\u00dferungen menschlicher Ausdrucksbed\u00fcrnisse einerseits und einer dicht gewobenen klingenden Gestaltform nicht nur sinnlich sondern auch in hohem Ma\u00dfe intellektuell [&hellip;]<\/p>\n","protected":false},"author":1,"featured_media":0,"parent":0,"menu_order":0,"comment_status":"closed","ping_status":"closed","template":"","meta":{"_et_pb_use_builder":"on","_et_pb_old_content":"<!-- wp:divi\/placeholder \/-->","_et_gb_content_width":"","_price":"","_stock":"","_tribe_ticket_header":"","_tribe_default_ticket_provider":"","_ticket_start_date":"","_ticket_end_date":"","_tribe_ticket_show_description":"","_tribe_ticket_show_not_going":false,"_tribe_ticket_use_global_stock":"","_tribe_ticket_global_stock_level":"","_global_stock_mode":"","_global_stock_cap":"","_tribe_rsvp_for_event":"","_tribe_ticket_going_count":"","_tribe_ticket_not_going_count":"","_tribe_tickets_list":"[]","_tribe_ticket_has_attendee_info_fields":false,"footnotes":"","_tec_slr_enabled":"","_tec_slr_layout":""},"class_list":["post-25373","page","type-page","status-publish","hentry"],"ticketed":false,"_links":{"self":[{"href":"https:\/\/www.ahs-zirkusgasse.at\/index.php\/wp-json\/wp\/v2\/pages\/25373","targetHints":{"allow":["GET"]}}],"collection":[{"href":"https:\/\/www.ahs-zirkusgasse.at\/index.php\/wp-json\/wp\/v2\/pages"}],"about":[{"href":"https:\/\/www.ahs-zirkusgasse.at\/index.php\/wp-json\/wp\/v2\/types\/page"}],"author":[{"embeddable":true,"href":"https:\/\/www.ahs-zirkusgasse.at\/index.php\/wp-json\/wp\/v2\/users\/1"}],"replies":[{"embeddable":true,"href":"https:\/\/www.ahs-zirkusgasse.at\/index.php\/wp-json\/wp\/v2\/comments?post=25373"}],"version-history":[{"count":3,"href":"https:\/\/www.ahs-zirkusgasse.at\/index.php\/wp-json\/wp\/v2\/pages\/25373\/revisions"}],"predecessor-version":[{"id":25409,"href":"https:\/\/www.ahs-zirkusgasse.at\/index.php\/wp-json\/wp\/v2\/pages\/25373\/revisions\/25409"}],"wp:attachment":[{"href":"https:\/\/www.ahs-zirkusgasse.at\/index.php\/wp-json\/wp\/v2\/media?parent=25373"}],"curies":[{"name":"wp","href":"https:\/\/api.w.org\/{rel}","templated":true}]}}