{"id":25375,"date":"2022-06-30T18:05:08","date_gmt":"2022-06-30T16:05:08","guid":{"rendered":"http:\/\/172.20.100.6\/?page_id=25375"},"modified":"2022-06-30T19:01:32","modified_gmt":"2022-06-30T17:01:32","slug":"psychologie-und-philosophie","status":"publish","type":"page","link":"https:\/\/www.ahs-zirkusgasse.at\/index.php\/psychologie-und-philosophie\/","title":{"rendered":"Psychologie und Philosophie"},"content":{"rendered":"<p>[et_pb_section fb_built=&#8220;1&#8243; fullwidth=&#8220;on&#8220; _builder_version=&#8220;4.17.4&#8243; _module_preset=&#8220;default&#8220; da_disable_devices=&#8220;off|off|off&#8220; global_colors_info=&#8220;{}&#8220; da_is_popup=&#8220;off&#8220; da_exit_intent=&#8220;off&#8220; da_has_close=&#8220;on&#8220; da_alt_close=&#8220;off&#8220; da_dark_close=&#8220;off&#8220; da_not_modal=&#8220;on&#8220; da_is_singular=&#8220;off&#8220; da_with_loader=&#8220;off&#8220; da_has_shadow=&#8220;on&#8220;][et_pb_fullwidth_header title=&#8220;Psychologie und Philosophie&#8220; _builder_version=&#8220;4.17.4&#8243; _module_preset=&#8220;default&#8220; background_color=&#8220;rgba(12,113,195,0.7)&#8220; global_colors_info=&#8220;{}&#8220;][\/et_pb_fullwidth_header][\/et_pb_section][et_pb_section fb_built=&#8220;1&#8243; _builder_version=&#8220;4.17.4&#8243; _module_preset=&#8220;default&#8220; da_disable_devices=&#8220;off|off|off&#8220; global_colors_info=&#8220;{}&#8220; da_is_popup=&#8220;off&#8220; da_exit_intent=&#8220;off&#8220; da_has_close=&#8220;on&#8220; da_alt_close=&#8220;off&#8220; da_dark_close=&#8220;off&#8220; da_not_modal=&#8220;on&#8220; da_is_singular=&#8220;off&#8220; da_with_loader=&#8220;off&#8220; da_has_shadow=&#8220;on&#8220;][et_pb_row column_structure=&#8220;2_5,3_5&#8243; _builder_version=&#8220;4.17.4&#8243; _module_preset=&#8220;default&#8220; global_colors_info=&#8220;{}&#8220;][et_pb_column type=&#8220;2_5&#8243; _builder_version=&#8220;4.17.4&#8243; _module_preset=&#8220;default&#8220; global_colors_info=&#8220;{}&#8220;][et_pb_icon font_icon=&#8220;&#xf5dc;||fa||900&#8243; icon_color=&#8220;#0C71C3&#8243; _builder_version=&#8220;4.17.4&#8243; _module_preset=&#8220;default&#8220; hover_enabled=&#8220;0&#8243; global_colors_info=&#8220;{}&#8220; sticky_enabled=&#8220;0&#8243;][\/et_pb_icon][\/et_pb_column][et_pb_column type=&#8220;3_5&#8243; _builder_version=&#8220;4.17.4&#8243; _module_preset=&#8220;default&#8220; global_colors_info=&#8220;{}&#8220;][et_pb_text _builder_version=&#8220;4.17.4&#8243; _module_preset=&#8220;default&#8220; global_colors_info=&#8220;{}&#8220; locked=&#8220;off&#8220;]<\/p>\n<p><span>Das Unterrichtsfach Psychologie und Philosophie wird in der 7. Und 8. Klasse unterrichtet.<\/span><br \/><span>In der 7. Klasse widmet man sich den Fragestellungen der Psychologie. Die Psychologie ist eine Wissenschaft, die Antworten auf Fragen sucht, die uns alle besch\u00e4ftigen. Wie f\u00fchlen und wie denken wir? Wie handeln wir und welche Motive liegen unseren Handlungen zugrunde? Im Vordergrund stehen das Erleben und Verhalten des einzelnen Menschen in den Bereichen des Wahrnehmens, des Denkens und Lernens, der Entwicklung der Pers\u00f6nlichkeit, aber auch die Dynamik von Kollektiven, sowie das Themengebiet der psychischen Gesundheit bzw. Krankheit.<\/span><br \/><span>In der 8. Klasse setzt man sich mit philosophischen Fragestellungen auseinander. Philosophie ist kein klassisches \u201eLernfach\u201c. Vielmehr geht es ihr um die Anregung zum Nachdenken \u00fcber grundlegende Gegebenheiten des Lebens. Immanuel Kant fasst den Themenbereich der Philosophie mit 4 Fragen zusammen: Was kann ich wissen? Was soll ich tun? Was darf ich hoffen? Was ist der Mensch? So setzen wir uns in der Philosophie mit den M\u00f6glichkeiten und Grenzen unserer Erkenntnisf\u00e4higkeit auseinander, diskutieren Fragen \u00fcber den Sinn von Normen des Handelns und die Frage was ist Gut und was ist B\u00f6se, genauso wie die Frage nach dem Sinn des Lebens und nach dem Charakteristikum der menschlichen Existenz.<\/span><\/p>\n<p>[\/et_pb_text][\/et_pb_column][\/et_pb_row][\/et_pb_section]<\/p>\n","protected":false},"excerpt":{"rendered":"<p>Das Unterrichtsfach Psychologie und Philosophie wird in der 7. Und 8. Klasse unterrichtet.In der 7. Klasse widmet man sich den Fragestellungen der Psychologie. Die Psychologie ist eine Wissenschaft, die Antworten [&hellip;]<\/p>\n","protected":false},"author":1,"featured_media":0,"parent":0,"menu_order":0,"comment_status":"closed","ping_status":"closed","template":"","meta":{"_et_pb_use_builder":"on","_et_pb_old_content":"<!-- wp:divi\/placeholder \/-->","_et_gb_content_width":"","_price":"","_stock":"","_tribe_ticket_header":"","_tribe_default_ticket_provider":"","_ticket_start_date":"","_ticket_end_date":"","_tribe_ticket_show_description":"","_tribe_ticket_show_not_going":false,"_tribe_ticket_use_global_stock":"","_tribe_ticket_global_stock_level":"","_global_stock_mode":"","_global_stock_cap":"","_tribe_rsvp_for_event":"","_tribe_ticket_going_count":"","_tribe_ticket_not_going_count":"","_tribe_tickets_list":"[]","_tribe_ticket_has_attendee_info_fields":false,"footnotes":"","_tec_slr_enabled":"","_tec_slr_layout":""},"class_list":["post-25375","page","type-page","status-publish","hentry"],"ticketed":false,"_links":{"self":[{"href":"https:\/\/www.ahs-zirkusgasse.at\/index.php\/wp-json\/wp\/v2\/pages\/25375","targetHints":{"allow":["GET"]}}],"collection":[{"href":"https:\/\/www.ahs-zirkusgasse.at\/index.php\/wp-json\/wp\/v2\/pages"}],"about":[{"href":"https:\/\/www.ahs-zirkusgasse.at\/index.php\/wp-json\/wp\/v2\/types\/page"}],"author":[{"embeddable":true,"href":"https:\/\/www.ahs-zirkusgasse.at\/index.php\/wp-json\/wp\/v2\/users\/1"}],"replies":[{"embeddable":true,"href":"https:\/\/www.ahs-zirkusgasse.at\/index.php\/wp-json\/wp\/v2\/comments?post=25375"}],"version-history":[{"count":4,"href":"https:\/\/www.ahs-zirkusgasse.at\/index.php\/wp-json\/wp\/v2\/pages\/25375\/revisions"}],"predecessor-version":[{"id":25420,"href":"https:\/\/www.ahs-zirkusgasse.at\/index.php\/wp-json\/wp\/v2\/pages\/25375\/revisions\/25420"}],"wp:attachment":[{"href":"https:\/\/www.ahs-zirkusgasse.at\/index.php\/wp-json\/wp\/v2\/media?parent=25375"}],"curies":[{"name":"wp","href":"https:\/\/api.w.org\/{rel}","templated":true}]}}