{"id":25379,"date":"2022-06-30T18:05:38","date_gmt":"2022-06-30T16:05:38","guid":{"rendered":"http:\/\/172.20.100.6\/?page_id=25379"},"modified":"2025-07-06T18:42:16","modified_gmt":"2025-07-06T16:42:16","slug":"technik-und-design","status":"publish","type":"page","link":"https:\/\/www.ahs-zirkusgasse.at\/index.php\/technik-und-design\/","title":{"rendered":"Technik und Design"},"content":{"rendered":"<p>[et_pb_section fb_built=&#8220;1&#8243; fullwidth=&#8220;on&#8220; _builder_version=&#8220;4.17.4&#8243; _module_preset=&#8220;default&#8220; da_disable_devices=&#8220;off|off|off&#8220; global_colors_info=&#8220;{}&#8220; da_is_popup=&#8220;off&#8220; da_exit_intent=&#8220;off&#8220; da_has_close=&#8220;on&#8220; da_alt_close=&#8220;off&#8220; da_dark_close=&#8220;off&#8220; da_not_modal=&#8220;on&#8220; da_is_singular=&#8220;off&#8220; da_with_loader=&#8220;off&#8220; da_has_shadow=&#8220;on&#8220;][et_pb_fullwidth_header title=&#8220;Technik und Design&#8220; _builder_version=&#8220;4.27.4&#8243; _module_preset=&#8220;default&#8220; background_color=&#8220;rgba(12,113,195,0.7)&#8220; hover_enabled=&#8220;0&#8243; global_colors_info=&#8220;{}&#8220; sticky_enabled=&#8220;0&#8243;][\/et_pb_fullwidth_header][\/et_pb_section][et_pb_section fb_built=&#8220;1&#8243; _builder_version=&#8220;4.17.4&#8243; _module_preset=&#8220;default&#8220; da_disable_devices=&#8220;off|off|off&#8220; global_colors_info=&#8220;{}&#8220; da_is_popup=&#8220;off&#8220; da_exit_intent=&#8220;off&#8220; da_has_close=&#8220;on&#8220; da_alt_close=&#8220;off&#8220; da_dark_close=&#8220;off&#8220; da_not_modal=&#8220;on&#8220; da_is_singular=&#8220;off&#8220; da_with_loader=&#8220;off&#8220; da_has_shadow=&#8220;on&#8220;][et_pb_row column_structure=&#8220;2_5,3_5&#8243; _builder_version=&#8220;4.17.4&#8243; _module_preset=&#8220;default&#8220; global_colors_info=&#8220;{}&#8220;][et_pb_column type=&#8220;2_5&#8243; _builder_version=&#8220;4.17.4&#8243; _module_preset=&#8220;default&#8220; global_colors_info=&#8220;{}&#8220;][et_pb_icon font_icon=&#8220;&#xf6e3;||fa||900&#8243; icon_color=&#8220;#0C71C3&#8243; _builder_version=&#8220;4.17.4&#8243; _module_preset=&#8220;default&#8220; global_colors_info=&#8220;{}&#8220;][\/et_pb_icon][et_pb_image src=&#8220;https:\/\/www.ahs-zirkusgasse.at\/wp-content\/uploads\/2025\/07\/TDTeam2025-scaled.jpg&#8220; alt=&#8220;TDTeam2025&#8243; title_text=&#8220;TDTeam2025&#8243; _builder_version=&#8220;4.27.4&#8243; _module_preset=&#8220;default&#8220; hover_enabled=&#8220;0&#8243; global_colors_info=&#8220;{}&#8220; sticky_enabled=&#8220;0&#8243;][\/et_pb_image][\/et_pb_column][et_pb_column type=&#8220;3_5&#8243; _builder_version=&#8220;4.17.4&#8243; _module_preset=&#8220;default&#8220; global_colors_info=&#8220;{}&#8220;][et_pb_text _builder_version=&#8220;4.27.4&#8243; _module_preset=&#8220;default&#8220; global_colors_info=&#8220;{}&#8220;]<\/p>\n<p class=\"text\">Technik und Design ist ein Pflichtgegenstand der AHS-Unterstufe. Dies gilt f\u00fcr alle Sch\u00fcler*innen der 1. und 2. Klassen. Wenn das Realgymnasium besucht wird, erweitert sich der Unterricht zus\u00e4tzlichen auf die 3. und 4. Klasse.<\/p>\n<p class=\"text\">Schwerpunkte:<\/p>\n<p class=\"text\"><strong>TECHNIK<\/strong> &#8211; Werkzeuge, Maschinen, Elektrotechnik<\/p>\n<p class=\"text\"><strong>K\u00d6RPER<\/strong> &#8211; Gebrauchsgegenst\u00e4nde, Kleidung, Schmuck und Accessoires, Mode, Spiel<\/p>\n<p class=\"text\"><strong>RAUM<\/strong> &#8211; Lebensr\u00e4ume, M\u00f6bel, Bauwerke, Architektur\/St\u00e4dtebau<\/p>\n<p class=\"text\">An unserer Schle erfolgt der TD-Unterricht folgenderma\u00dfen:<\/p>\n<p class=\"text\">In der 1. und 2. Klasse erlernen die Sch\u00fcler*innen grundlegende Bearbeitungstechniken aus den Bereichen Technik und Design. Sie lernen verschiedenste Materialien, Werkzeuge und Maschinen kennen.<\/p>\n<p class=\"text\">In der 3. und 4. Klasse steigt der Schwierigkeitsgrad der Themenstellungen und die Komplexit\u00e4t der Werkst\u00fccke.<\/p>\n<p class=\"text\">Technik und Design &#8211; Team<\/p>\n<p>[\/et_pb_text][\/et_pb_column][\/et_pb_row][\/et_pb_section]<\/p>\n","protected":false},"excerpt":{"rendered":"<p>Technik und Design ist ein Pflichtgegenstand der AHS-Unterstufe. Dies gilt f\u00fcr alle Sch\u00fcler*innen der 1. und 2. Klassen. Wenn das Realgymnasium besucht wird, erweitert sich der Unterricht zus\u00e4tzlichen auf die [&hellip;]<\/p>\n","protected":false},"author":1,"featured_media":0,"parent":0,"menu_order":0,"comment_status":"closed","ping_status":"closed","template":"","meta":{"_et_pb_use_builder":"on","_et_pb_old_content":"<!-- wp:divi\/placeholder \/-->","_et_gb_content_width":"","_price":"","_stock":"","_tribe_ticket_header":"","_tribe_default_ticket_provider":"","_ticket_start_date":"","_ticket_end_date":"","_tribe_ticket_show_description":"","_tribe_ticket_show_not_going":false,"_tribe_ticket_use_global_stock":"","_tribe_ticket_global_stock_level":"","_global_stock_mode":"","_global_stock_cap":"","_tribe_rsvp_for_event":"","_tribe_ticket_going_count":"","_tribe_ticket_not_going_count":"","_tribe_tickets_list":"[]","_tribe_ticket_has_attendee_info_fields":false,"footnotes":"","_tec_slr_enabled":"","_tec_slr_layout":""},"class_list":["post-25379","page","type-page","status-publish","hentry"],"ticketed":false,"_links":{"self":[{"href":"https:\/\/www.ahs-zirkusgasse.at\/index.php\/wp-json\/wp\/v2\/pages\/25379","targetHints":{"allow":["GET"]}}],"collection":[{"href":"https:\/\/www.ahs-zirkusgasse.at\/index.php\/wp-json\/wp\/v2\/pages"}],"about":[{"href":"https:\/\/www.ahs-zirkusgasse.at\/index.php\/wp-json\/wp\/v2\/types\/page"}],"author":[{"embeddable":true,"href":"https:\/\/www.ahs-zirkusgasse.at\/index.php\/wp-json\/wp\/v2\/users\/1"}],"replies":[{"embeddable":true,"href":"https:\/\/www.ahs-zirkusgasse.at\/index.php\/wp-json\/wp\/v2\/comments?post=25379"}],"version-history":[{"count":7,"href":"https:\/\/www.ahs-zirkusgasse.at\/index.php\/wp-json\/wp\/v2\/pages\/25379\/revisions"}],"predecessor-version":[{"id":29642,"href":"https:\/\/www.ahs-zirkusgasse.at\/index.php\/wp-json\/wp\/v2\/pages\/25379\/revisions\/29642"}],"wp:attachment":[{"href":"https:\/\/www.ahs-zirkusgasse.at\/index.php\/wp-json\/wp\/v2\/media?parent=25379"}],"curies":[{"name":"wp","href":"https:\/\/api.w.org\/{rel}","templated":true}]}}