{"id":25422,"date":"2022-06-30T19:06:05","date_gmt":"2022-06-30T17:06:05","guid":{"rendered":"http:\/\/172.20.100.6\/?page_id=25422"},"modified":"2022-06-30T19:18:42","modified_gmt":"2022-06-30T17:18:42","slug":"darstellende-geometrie","status":"publish","type":"page","link":"https:\/\/www.ahs-zirkusgasse.at\/index.php\/darstellende-geometrie\/","title":{"rendered":"Darstellende Geometrie"},"content":{"rendered":"<p>[et_pb_section fb_built=&#8220;1&#8243; fullwidth=&#8220;on&#8220; _builder_version=&#8220;4.17.4&#8243; _module_preset=&#8220;default&#8220; da_disable_devices=&#8220;off|off|off&#8220; global_colors_info=&#8220;{}&#8220; da_is_popup=&#8220;off&#8220; da_exit_intent=&#8220;off&#8220; da_has_close=&#8220;on&#8220; da_alt_close=&#8220;off&#8220; da_dark_close=&#8220;off&#8220; da_not_modal=&#8220;on&#8220; da_is_singular=&#8220;off&#8220; da_with_loader=&#8220;off&#8220; da_has_shadow=&#8220;on&#8220;][et_pb_fullwidth_header title=&#8220;Darstellende Geometrie&#8220; _builder_version=&#8220;4.17.4&#8243; _module_preset=&#8220;default&#8220; background_color=&#8220;rgba(12,113,195,0.7)&#8220; global_colors_info=&#8220;{}&#8220;][\/et_pb_fullwidth_header][\/et_pb_section][et_pb_section fb_built=&#8220;1&#8243; _builder_version=&#8220;4.17.4&#8243; _module_preset=&#8220;default&#8220; da_disable_devices=&#8220;off|off|off&#8220; global_colors_info=&#8220;{}&#8220; da_is_popup=&#8220;off&#8220; da_exit_intent=&#8220;off&#8220; da_has_close=&#8220;on&#8220; da_alt_close=&#8220;off&#8220; da_dark_close=&#8220;off&#8220; da_not_modal=&#8220;on&#8220; da_is_singular=&#8220;off&#8220; da_with_loader=&#8220;off&#8220; da_has_shadow=&#8220;on&#8220;][et_pb_row column_structure=&#8220;2_5,3_5&#8243; _builder_version=&#8220;4.17.4&#8243; _module_preset=&#8220;default&#8220; global_colors_info=&#8220;{}&#8220;][et_pb_column type=&#8220;2_5&#8243; _builder_version=&#8220;4.17.4&#8243; _module_preset=&#8220;default&#8220; global_colors_info=&#8220;{}&#8220;][et_pb_icon font_icon=&#8220;&#xf568;||fa||900&#8243; icon_color=&#8220;#0C71C3&#8243; _builder_version=&#8220;4.17.4&#8243; _module_preset=&#8220;default&#8220; hover_enabled=&#8220;0&#8243; global_colors_info=&#8220;{}&#8220; sticky_enabled=&#8220;0&#8243;][\/et_pb_icon][\/et_pb_column][et_pb_column type=&#8220;3_5&#8243; _builder_version=&#8220;4.17.4&#8243; _module_preset=&#8220;default&#8220; global_colors_info=&#8220;{}&#8220;][et_pb_text _builder_version=&#8220;4.17.4&#8243; _module_preset=&#8220;default&#8220; hover_enabled=&#8220;0&#8243; locked=&#8220;off&#8220; global_colors_info=&#8220;{}&#8220; sticky_enabled=&#8220;0&#8243;]<\/p>\n<p><span>Fachwissen \u00fcber geometrische Konzepte und Anwendung im praktischen Alltag wird immer unerl\u00e4sslicher. Sei es in der Computer-Kryptographie, der Architektur oder angewandter Physik, Geometrie ist zentraler Bestandteil vieler Berufsdisziplinen. Auch die Sch\u00fcler_innen sollen an unserer Schule auf solche Aufgaben vorbereitet werden.<\/span><br \/><span>Mit klassischen Aufgaben mittels Zirkel und Lineal werden grundlegende Themen wie Hauptrisse, Schattenwurf oder Perspektive behandelt. So sollen nicht nur das Handwerk der Geometrie, sondern auch Raumvorstellung geschult werden. Als Teilbereich der Mathematik werden ebenso angewandte geometrische Algorithmen und relevante mathematische Gleichungen wie beispielsweise die Berechnung von Bezier-Kurven besprochen.<\/span><br \/><span>Auch der Einsatz von CAD (Computer-Aided Design) Software wird im Unterrichtsfach Darstellende Geometrie behandelt. Mittels der professionellen Software MicroStation der Firma Bentley sollen die Sch\u00fcler_innen einen ersten Einstieg in die Konstruktion von zwei- und dreidimensionalen Objekten erhalten, vom einfachen Erstellen von Volums-Objekten, bis hin zum realit\u00e4tsgetreuen Rendern ganzer Szenerien. Nat\u00fcrlich wird sich auch hier auf grundlegende geometrische Konzepte berufen.<\/span><br \/><span>In der siebenten und achten Klasse wird im Realgymnasium das Unterrichtsfach Darstellende Geometrie im Ausma\u00df von 2 Wochenstunden unterrichtet. Mehrst\u00fcndige Schularbeiten und Projekte bereiten die Sch\u00fclerInnen auf die M\u00f6glichkeit vor, sowohl die schriftliche, als auch die m\u00fcndliche Reifepr\u00fcfung im Fach DG ablegen zu k\u00f6nnen.<\/span><\/p>\n<p>[\/et_pb_text][\/et_pb_column][\/et_pb_row][\/et_pb_section]<\/p>\n","protected":false},"excerpt":{"rendered":"<p>Fachwissen \u00fcber geometrische Konzepte und Anwendung im praktischen Alltag wird immer unerl\u00e4sslicher. Sei es in der Computer-Kryptographie, der Architektur oder angewandter Physik, Geometrie ist zentraler Bestandteil vieler Berufsdisziplinen. Auch die [&hellip;]<\/p>\n","protected":false},"author":1,"featured_media":0,"parent":0,"menu_order":0,"comment_status":"closed","ping_status":"closed","template":"","meta":{"_et_pb_use_builder":"on","_et_pb_old_content":"<!-- wp:divi\/placeholder \/-->","_et_gb_content_width":"","_price":"","_stock":"","_tribe_ticket_header":"","_tribe_default_ticket_provider":"","_ticket_start_date":"","_ticket_end_date":"","_tribe_ticket_show_description":"","_tribe_ticket_show_not_going":false,"_tribe_ticket_use_global_stock":"","_tribe_ticket_global_stock_level":"","_global_stock_mode":"","_global_stock_cap":"","_tribe_rsvp_for_event":"","_tribe_ticket_going_count":"","_tribe_ticket_not_going_count":"","_tribe_tickets_list":"[]","_tribe_ticket_has_attendee_info_fields":false,"footnotes":"","_tec_slr_enabled":"","_tec_slr_layout":""},"class_list":["post-25422","page","type-page","status-publish","hentry"],"ticketed":false,"_links":{"self":[{"href":"https:\/\/www.ahs-zirkusgasse.at\/index.php\/wp-json\/wp\/v2\/pages\/25422","targetHints":{"allow":["GET"]}}],"collection":[{"href":"https:\/\/www.ahs-zirkusgasse.at\/index.php\/wp-json\/wp\/v2\/pages"}],"about":[{"href":"https:\/\/www.ahs-zirkusgasse.at\/index.php\/wp-json\/wp\/v2\/types\/page"}],"author":[{"embeddable":true,"href":"https:\/\/www.ahs-zirkusgasse.at\/index.php\/wp-json\/wp\/v2\/users\/1"}],"replies":[{"embeddable":true,"href":"https:\/\/www.ahs-zirkusgasse.at\/index.php\/wp-json\/wp\/v2\/comments?post=25422"}],"version-history":[{"count":3,"href":"https:\/\/www.ahs-zirkusgasse.at\/index.php\/wp-json\/wp\/v2\/pages\/25422\/revisions"}],"predecessor-version":[{"id":25472,"href":"https:\/\/www.ahs-zirkusgasse.at\/index.php\/wp-json\/wp\/v2\/pages\/25422\/revisions\/25472"}],"wp:attachment":[{"href":"https:\/\/www.ahs-zirkusgasse.at\/index.php\/wp-json\/wp\/v2\/media?parent=25422"}],"curies":[{"name":"wp","href":"https:\/\/api.w.org\/{rel}","templated":true}]}}